{"id":24526,"date":"2017-01-16T21:18:43","date_gmt":"2017-01-16T21:18:43","guid":{"rendered":"https:\/\/cainlaw-okc.com\/?page_id=24526"},"modified":"2025-07-21T03:29:48","modified_gmt":"2025-07-21T03:29:48","slug":"es","status":"publish","type":"page","link":"https:\/\/cainlaw-okc.com\/es\/","title":{"rendered":"Spanish Home"},"content":{"rendered":"<p>Cuando se enfrenta a un problema legal grave, a menudo esto es en lo \u00fanico en lo que puede pensar. Pero no tiene que enfrentarse a \u00e9l usted solo. Deje de preocuparse y comience a tomar medidas. P\u00f3ngase en contacto con Cain Law ahora para una revisi\u00f3n gratuita de reclamos y consejos sobre sus mejores opciones legales.<\/p>\n<p><strong>As\u00ed es como Monty L. Cain y sus colegas abogados y personal pueden ayudar:<\/strong><\/p>\n<div class=\"row\">\n<ul class=\"col-lg-6\">\n<li>Estamos disponibles para atender sus llamadas 24\/7.<\/li>\n<li>No nos debe nada a menos y hasta que recuperemos una compensaci\u00f3n para usted.<\/li>\n<li>Nunca hay un cargo por consulta inicial.<\/li>\n<\/ul>\n<ul class=\"col-lg-6\">\n<li>Estamos listos para comenzar a trabajar en su caso de inmediato<\/li>\n<li>\u00bfNo puede venir a nuestras oficinas? Nosotros lo visitaremos en su casa, en el hospital o en donde se encuentre.<\/li>\n<li>Su salud es nuestra prioridad. Podemos ayudarlo a obtener la ayuda m\u00e9dica que necesita.<\/li>\n<\/ul>\n<\/div>\n","protected":false},"excerpt":{"rendered":"<p>Cuando se enfrenta a un problema legal grave, a menudo esto es en lo \u00fanico en lo que puede pensar. Pero no tiene que enfrentarse a \u00e9l usted solo. Deje de preocuparse y comience a tomar medidas. P\u00f3ngase en contacto con Cain Law ahora para una revisi\u00f3n gratuita de reclamos y consejos sobre sus mejores&#8230;<\/p>\n","protected":false},"author":15,"featured_media":103535,"parent":0,"menu_order":39,"comment_status":"closed","ping_status":"closed","template":"","meta":{"_acf_changed":false,"footnotes":"","_elementor_data":""},"class_list":["post-24526","page","type-page","status-publish","has-post-thumbnail","hentry"],"acf":[],"page_builder_type":"classic","gutenberg_data":[],"yoast_head":"<!-- This site is optimized with the Yoast SEO plugin v27.0 - https:\/\/yoast.com\/product\/yoast-seo-wordpress\/ -->\n<title>Abogados litigantes de accidentes de auto y camiones | Cain Law<\/title>\n<meta name=\"description\" content=\"Contacte a Cain Law para una revisi\u00f3n gratuita de sus opciones legales despu\u00e9s de un accidente de auto o cami\u00f3n en Oklahoma.\" \/>\n<meta name=\"robots\" content=\"index, follow, max-snippet:-1, max-image-preview:large, max-video-preview:-1\" \/>\n<link rel=\"canonical\" href=\"https:\/\/cainlaw-okc.com\/es\/\" \/>\n<meta property=\"og:locale\" content=\"es_ES\" \/>\n<meta property=\"og:type\" content=\"article\" \/>\n<meta property=\"og:title\" content=\"Abogados litigantes de accidentes de auto y camiones | Cain Law\" \/>\n<meta property=\"og:description\" content=\"Contacte a Cain Law para una revisi\u00f3n gratuita de sus opciones legales despu\u00e9s de un accidente de auto o cami\u00f3n en Oklahoma.\" \/>\n<meta property=\"og:url\" content=\"https:\/\/cainlaw-okc.com\/es\/\" \/>\n<meta property=\"og:site_name\" content=\"Cain Law\" \/>\n<meta property=\"article:publisher\" content=\"https:\/\/www.facebook.com\/CainLawOffice\/\" \/>\n<meta property=\"article:modified_time\" content=\"2025-07-21T03:29:48+00:00\" \/>\n<meta property=\"og:image\" content=\"https:\/\/cainlaw-okc.com\/wp-content\/uploads\/2025\/05\/home-main-content-bg-img.png\" \/>\n\t<meta property=\"og:image:width\" content=\"471\" \/>\n\t<meta property=\"og:image:height\" content=\"228\" \/>\n\t<meta property=\"og:image:type\" content=\"image\/png\" \/>\n<meta name=\"twitter:card\" content=\"summary_large_image\" \/>\n<meta name=\"twitter:site\" content=\"@cainlaw_\" \/>\n<meta name=\"twitter:label1\" content=\"Tiempo de lectura\" \/>\n\t<meta name=\"twitter:data1\" content=\"1 minuto\" \/>\n<!-- \/ Yoast SEO plugin. -->","yoast_head_json":{"title":"Abogados litigantes de accidentes de auto y camiones | Cain Law","description":"Contacte a Cain Law para una revisi\u00f3n gratuita de sus opciones legales despu\u00e9s de un accidente de auto o cami\u00f3n en Oklahoma.","robots":{"index":"index","follow":"follow","max-snippet":"max-snippet:-1","max-image-preview":"max-image-preview:large","max-video-preview":"max-video-preview:-1"},"canonical":"https:\/\/cainlaw-okc.com\/es\/","og_locale":"es_ES","og_type":"article","og_title":"Abogados litigantes de accidentes de auto y camiones | Cain Law","og_description":"Contacte a Cain Law para una revisi\u00f3n gratuita de sus opciones legales despu\u00e9s de un accidente de auto o cami\u00f3n en Oklahoma.","og_url":"https:\/\/cainlaw-okc.com\/es\/","og_site_name":"Cain Law","article_publisher":"https:\/\/www.facebook.com\/CainLawOffice\/","article_modified_time":"2025-07-21T03:29:48+00:00","og_image":[{"width":471,"height":228,"url":"https:\/\/cainlaw-okc.com\/wp-content\/uploads\/2025\/05\/home-main-content-bg-img.png","type":"image\/png"}],"twitter_card":"summary_large_image","twitter_site":"@cainlaw_","twitter_misc":{"Tiempo de lectura":"1 minuto"},"schema":{"@context":"https:\/\/schema.org","@graph":[{"@type":"WebPage","@id":"https:\/\/cainlaw-okc.com\/es\/","url":"https:\/\/cainlaw-okc.com\/es\/","name":"Abogados litigantes de accidentes de auto y camiones | Cain Law","isPartOf":{"@id":"https:\/\/cainlaw-okc.com\/es\/#website"},"primaryImageOfPage":{"@id":"https:\/\/cainlaw-okc.com\/es\/#primaryimage"},"image":{"@id":"https:\/\/cainlaw-okc.com\/es\/#primaryimage"},"thumbnailUrl":"https:\/\/cainlaw-okc.com\/wp-content\/uploads\/2025\/05\/home-main-content-bg-img.png","datePublished":"2017-01-16T21:18:43+00:00","dateModified":"2025-07-21T03:29:48+00:00","description":"Contacte a Cain Law para una revisi\u00f3n gratuita de sus opciones legales despu\u00e9s de un accidente de auto o cami\u00f3n en Oklahoma.","breadcrumb":{"@id":"https:\/\/cainlaw-okc.com\/es\/#breadcrumb"},"inLanguage":"es","potentialAction":[{"@type":"ReadAction","target":["https:\/\/cainlaw-okc.com\/es\/"]}]},{"@type":"ImageObject","inLanguage":"es","@id":"https:\/\/cainlaw-okc.com\/es\/#primaryimage","url":"https:\/\/cainlaw-okc.com\/wp-content\/uploads\/2025\/05\/home-main-content-bg-img.png","contentUrl":"https:\/\/cainlaw-okc.com\/wp-content\/uploads\/2025\/05\/home-main-content-bg-img.png","width":471,"height":228},{"@type":"BreadcrumbList","@id":"https:\/\/cainlaw-okc.com\/es\/#breadcrumb","itemListElement":[{"@type":"ListItem","position":1,"name":"Inicio","item":"https:\/\/cainlaw-okc.com\/es\/"},{"@type":"ListItem","position":2,"name":"Spanish Home"}]},{"@type":"WebSite","@id":"https:\/\/cainlaw-okc.com\/es\/#website","url":"https:\/\/cainlaw-okc.com\/es\/","name":"Cain Law","description":"","publisher":{"@id":"https:\/\/cainlaw-okc.com\/es\/#organization"},"potentialAction":[{"@type":"SearchAction","target":{"@type":"EntryPoint","urlTemplate":"https:\/\/cainlaw-okc.com\/es\/?s={search_term_string}"},"query-input":{"@type":"PropertyValueSpecification","valueRequired":true,"valueName":"search_term_string"}}],"inLanguage":"es"},{"@type":["Organization","Place"],"@id":"https:\/\/cainlaw-okc.com\/es\/#organization","name":"Cain Law","url":"https:\/\/cainlaw-okc.com\/es\/","logo":{"@type":"ImageObject","inLanguage":"es","@id":"https:\/\/cainlaw-okc.com\/es\/#\/schema\/logo\/image\/","url":"https:\/\/cainlaw-okc.com\/wp-content\/uploads\/2017\/01\/cain-law-injury-lawyers-logo.png","contentUrl":"https:\/\/cainlaw-okc.com\/wp-content\/uploads\/2017\/01\/cain-law-injury-lawyers-logo.png","width":316,"height":115,"caption":"Cain Law"},"image":{"@id":"https:\/\/cainlaw-okc.com\/es\/#\/schema\/logo\/image\/"},"sameAs":["https:\/\/www.facebook.com\/CainLawOffice\/","https:\/\/x.com\/cainlaw_","https:\/\/www.youtube.com\/@CainLawOffice\/videos","https:\/\/www.instagram.com\/cainlawokc","https:\/\/www.linkedin.com\/company\/cain-law-office\/"],"mainEntityOfPage":{"@id":"https:\/\/cainlaw-okc.com\/es\/"}}]}},"_links":{"self":[{"href":"https:\/\/cainlaw-okc.com\/es\/wp-json\/wp\/v2\/pages\/24526","targetHints":{"allow":["GET"]}}],"collection":[{"href":"https:\/\/cainlaw-okc.com\/es\/wp-json\/wp\/v2\/pages"}],"about":[{"href":"https:\/\/cainlaw-okc.com\/es\/wp-json\/wp\/v2\/types\/page"}],"author":[{"embeddable":true,"href":"https:\/\/cainlaw-okc.com\/es\/wp-json\/wp\/v2\/users\/15"}],"replies":[{"embeddable":true,"href":"https:\/\/cainlaw-okc.com\/es\/wp-json\/wp\/v2\/comments?post=24526"}],"version-history":[{"count":0,"href":"https:\/\/cainlaw-okc.com\/es\/wp-json\/wp\/v2\/pages\/24526\/revisions"}],"wp:featuredmedia":[{"embeddable":true,"href":"https:\/\/cainlaw-okc.com\/es\/wp-json\/wp\/v2\/media\/103535"}],"wp:attachment":[{"href":"https:\/\/cainlaw-okc.com\/es\/wp-json\/wp\/v2\/media?parent=24526"}],"curies":[{"name":"wp","href":"https:\/\/api.w.org\/{rel}","templated":true}]}}