{"id":105693,"date":"2026-04-15T16:22:08","date_gmt":"2026-04-15T16:22:08","guid":{"rendered":"https:\/\/cainlaw-okc.com\/?page_id=105693"},"modified":"2026-04-20T08:05:45","modified_gmt":"2026-04-20T08:05:45","slug":"abogados-accidentes-motocicleta","status":"publish","type":"page","link":"https:\/\/cainlaw-okc.com\/es\/abogados-accidentes-motocicleta\/","title":{"rendered":"Abogado de accidentes de motocicleta en Oklahoma City"},"content":{"rendered":"<p>\u00bfEs usted un motociclista de Oklahoma que ha sufrido lesiones catastr\u00f3ficas en un accidente de motocicleta que no fue su culpa? De ser as\u00ed, no deber\u00eda tener que pagar las consecuencias de su propio bolsillo. Usted merece la m\u00e1xima compensaci\u00f3n de la persona que le lastim\u00f3. Un abogado de accidentes de motocicleta en Oklahoma de Cain Law desea ayudarle a exigirla.<\/p>\n<p>Hemos ganado m\u00e1s de $250 millones para nuestros clientes hasta la fecha, incluyendo compensaciones sustanciales para motociclistas lesionados como usted. Cont\u00e1ctenos en l\u00ednea o llame hoy para una consulta gratuita. Permita que un abogado de accidentes de motocicleta en Oklahoma de nuestra firma comience a trabajar en su caso sin costo inicial para usted.<\/p>\n<h2>\u00bfPor qu\u00e9 necesita un abogado despu\u00e9s de un choque de motocicleta en Oklahoma?<\/h2>\n<p>En Cain Law, creemos en el derecho de los motociclistas a compartir la carretera. Sin embargo, debido a la mayor vulnerabilidad de las motocicletas, los accidentes pueden tener consecuencias devastadoras y poner a los conductores en riesgo de sufrir lesiones graves, incluso la muerte. Seg\u00fan la <a href=\"https:\/\/crashstats.nhtsa.dot.gov\/Api\/Public\/Publication\/813589\" target=\"_blank\" rel=\"noopener\">National Highway Traffic Safety Administration<\/a> (Administraci\u00f3n Nacional de Seguridad del Tr\u00e1fico en las Carreteras), los motociclistas tienen casi 22 veces m\u00e1s probabilidades de sufrir una colisi\u00f3n fatal que un veh\u00edculo de pasajeros.<\/p>\n<p>Cuando nos hagamos cargo de su caso, lucharemos con ah\u00ednco para conseguir la m\u00e1xima compensaci\u00f3n que usted necesita para afrontar sus lesiones tanto ahora como en el futuro.<\/p>\n<p>No obstante, incluso despu\u00e9s de los choques de motocicleta m\u00e1s serios, las aseguradoras ofrecer\u00e1n acuerdos por debajo del valor real que se ajustan a sus ganancias y no a lo que usted merece. No puede confiar en que una aseguradora har\u00e1 lo mejor para usted; necesita a alguien que luche por lo que es justo.<\/p>\n<p>Seg\u00fan el Insurance Research Council, los estudios indican que las personas lesionadas representadas por un abogado reciben acuerdos 3.5 veces m\u00e1s altos que aquellas que no cuentan con representaci\u00f3n.<\/p>\n<h2>Usted merece una compensaci\u00f3n por sus lesiones en accidentes de motocicleta<\/h2>\n<p>Nuestros abogados de lesiones en Oklahoma City son apasionados y compasivos al ayudar a las v\u00edctimas de accidentes de motocicleta a buscar justicia. Sabemos lo importante que es el resultado de su caso para poder retomar el control de su vida. Podemos perseguir con firmeza cada centavo que se le debe a trav\u00e9s de una demanda por accidente de motocicleta o un reclamo al seguro. Nuestro enfoque personalizado y profesional ha generado resultados significativos en casos de v\u00edctimas de accidentes de motocicleta, cami\u00f3n y autom\u00f3vil, tales como:<\/p>\n<ul>\n<li>$3.7 millones en un caso de muerte injusta por choque de tractocami\u00f3n.<\/li>\n<li>$3.3 millones en un caso de lesiones personales que involucr\u00f3 un choque de tractocami\u00f3n.<\/li>\n<li>$3 millones por lesiones personales debido al mantenimiento negligente de un ascensor.<\/li>\n<li>$1.25 millones en una muerte por negligencia en un accidente de volcadura.<\/li>\n<li>$1.25 millones en compensaci\u00f3n en un caso de negligencia m\u00e9dica que result\u00f3 en una lesi\u00f3n cerebral.<\/li>\n<\/ul>\n<p>Si sufri\u00f3 lesiones en un accidente de motocicleta, <a href=\"https:\/\/cainlaw-okc.com\/personal-injury-lawyers\/\">un abogado de lesiones personales en Oklahoma<\/a> de nuestra firma puede discutir sus derechos y opciones legales durante una revisi\u00f3n gratuita del caso.<\/p>\n<h2>\u00bfQu\u00e9 pueden hacer nuestros abogados de accidentes de motocicleta por usted?<\/h2>\n<p>Es importante contactar a un abogado de inmediato despu\u00e9s de un accidente de motocicleta. Hay varias cosas con las que un abogado de motocicletas con experiencia puede ayudar, incluyendo:<\/p>\n<ul>\n<li><strong>Investigar el accidente de motocicleta<\/strong> e identificar qui\u00e9n es legalmente responsable del choque y de las lesiones de la v\u00edctima. Dependiendo de las circunstancias de su accidente, puede haber m\u00faltiples partes a las que se les pueda exigir responsabilidad.<\/li>\n<li><strong>Identificar toda la cobertura de seguro<\/strong> aplicable al accidente y a las lesiones, incluyendo la cobertura bajo la propia p\u00f3liza de la v\u00edctima.<\/li>\n<li><strong>Garantizar que nuestros clientes tengan el apoyo adicional que necesitan<\/strong>, incluyendo remisiones para atenci\u00f3n m\u00e9dica general o especializada, ayuda para recuperar la motocicleta y\/u otra propiedad personal si es necesario, y asistencia para notificar a los acreedores y a otros sobre el accidente y su estado.<\/li>\n<li><strong>Presentar reclamos<\/strong> ante las aseguradoras correspondientes y negociar agresivamente para obtener la m\u00e1xima compensaci\u00f3n.<\/li>\n<li><strong>Calcular los costos y p\u00e9rdidas pasados, actuales y proyectados del accidente<\/strong>. Particularmente si sus lesiones resultan en una discapacidad, consultaremos con expertos para determinar sus probables gastos m\u00e9dicos y\/o necesidades de cuidado de vida en los a\u00f1os venideros y sus costos, as\u00ed como el costo de su capacidad de ganancia perdida.<\/li>\n<li><strong>Presentar una demanda por lesiones personales<\/strong> para exigir una compensaci\u00f3n de cualquier parte responsable que se niegue a negociar un acuerdo adecuado del reclamo de seguro inicial presentado.<\/li>\n<li><strong>Presentar un caso s\u00f3lido y persuasivo ante los tribunales, si es necesario.<\/strong> La mayor\u00eda de los reclamos por accidentes de motocicleta se resuelven fuera de la corte. Cuando no se puede llegar a un acuerdo aceptable, los abogados de lesiones en motocicletas de Cain Law acuden a los tribunales con el conocimiento, la experiencia, la dedicaci\u00f3n y los recursos necesarios para ganar.<\/li>\n<li><strong>Responder prontamente a sus preguntas e inquietudes<\/strong>, lo que incluye atender sus llamadas y devolver sus correos electr\u00f3nicos, incluso por las noches y los fines de semana.<\/li>\n<\/ul>\n<p>Si ya ha tenido noticias de un ajustador de seguros, no firme ninguna declaraci\u00f3n ni acepte ning\u00fan pago ofrecido sin hablar con uno de nuestros experimentados abogados de accidentes de motocicleta en Oklahoma. Podr\u00eda estar renunciando a sus derechos a recibir la compensaci\u00f3n que merece y necesita.<\/p>\n<p>Programe hoy mismo una consulta gratuita con nuestra firma legal de accidentes de motocicleta para que podamos revisar los detalles de su caso y comenzar a trabajar en su reclamo lo antes posible.<\/p>\n<h2>\u00bfQu\u00e9 compensaci\u00f3n puedo recuperar en un caso de accidente de motocicleta?<\/h2>\n<p>Muchas v\u00edctimas de accidentes de motocicleta resultan gravemente heridas, y estas lesiones pueden requerir a\u00f1os de tratamiento. No se deber\u00eda exigir ni esperar que usted pague estos gastos; lo que necesita es a alguien que haga responsable a la aseguradora y al conductor culpable. Si ha resultado lesionado en un accidente de motocicleta, puede ser elegible para recuperar una compensaci\u00f3n por sus p\u00e9rdidas. La<a href=\"https:\/\/www.oscn.net\/applications\/oscn\/DeliverDocument.asp?CiteID=479113\" target=\"_blank\" rel=\"noopener\"> ley de Oklahoma<\/a> permite la adjudicaci\u00f3n de los siguientes da\u00f1os:<\/p>\n<ul>\n<li>Facturas m\u00e9dicas pasadas<\/li>\n<li>Gastos m\u00e9dicos futuros<\/li>\n<li>Gastos de tratamiento emocional o psicol\u00f3gico<\/li>\n<li>Costos de medicamentos recetados<\/li>\n<li>Costos de rehabilitaci\u00f3n<\/li>\n<li>Salarios perdidos<\/li>\n<li>Capacidad de ganancia reducida<\/li>\n<li>Servicios de reemplazo para el cuidado de ni\u00f1os, limpieza del hogar y otras contribuciones que, de otro modo, usted habr\u00eda aportado al hogar<\/li>\n<li>Dinero para reparar o reemplazar su motocicleta<\/li>\n<li>Dolor y sufrimiento<\/li>\n<li>Compensaci\u00f3n para cubrir cualquier discapacidad permanente, impedimento f\u00edsico, agravamiento de condiciones preexistentes, cicatrices o desfiguraci\u00f3n que sufra como resultado del accidente<\/li>\n<li>Muerte injusta<\/li>\n<li>Gastos funerarios y de sepelio<\/li>\n<li>P\u00e9rdida de consorcio conyugal<\/li>\n<li>P\u00e9rdida de consorcio parental<\/li>\n<li>Da\u00f1os punitivos<\/li>\n<\/ul>\n<p>Si ha resultado gravemente herido o ha perdido a un ser querido en un choque de motocicleta, no deber\u00eda verse obligado a pagar por el comportamiento negligente o temerario de otro conductor. Permita que nuestros dedicados abogados de accidentes de motocicleta en Oklahoma City busquen una compensaci\u00f3n total para usted y sus seres queridos. Nuestro equipo legal har\u00e1 todo lo posible para brindarle el apoyo que necesita para retomar su vida despu\u00e9s de un accidente de motocicleta grave.<\/p>\n<h2>\u00bfCu\u00e1nto vale mi reclamo por accidente de motocicleta en Oklahoma?<\/h2>\n<p>El valor de su caso de accidente de motocicleta depender\u00e1 de diversos factores \u00fanicos para usted y su situaci\u00f3n, incluyendo:<\/p>\n<ul>\n<li><strong>La gravedad de sus lesiones:<\/strong> en general, cuanto m\u00e1s graves sean las lesiones de su accidente de motocicleta, m\u00e1s sustancial se espera que sea su acuerdo. Esto se debe a que las lesiones graves probablemente requieren m\u00e1s tratamiento m\u00e9dico, lo que aumenta los da\u00f1os m\u00e9dicos. Las lesiones severas tambi\u00e9n tienen un efecto m\u00e1s significativo en su bienestar mental, emocional y f\u00edsico, as\u00ed como en su vida diaria, lo que requiere una mayor compensaci\u00f3n por dolor, sufrimiento e inconvenientes.<\/li>\n<li><strong>El efecto de sus lesiones en sus capacidades laborales:<\/strong> cuanto m\u00e1s tiempo le impidan trabajar sus lesiones, mayor ser\u00e1 el ingreso perdido que probablemente se le deba. Si sufri\u00f3 una lesi\u00f3n grave o permanente que le impide regresar a su empleo anterior o le obliga a abandonar la fuerza laboral, puede buscar una compensaci\u00f3n adicional por la p\u00e9rdida de ingresos futuros y la p\u00e9rdida de sus capacidades de ganancia.<\/li>\n<li><strong>Su edad:<\/strong> las v\u00edctimas m\u00e1s j\u00f3venes suelen recibir m\u00e1s compensaci\u00f3n porque probablemente tienen m\u00e1s a\u00f1os de potencial de ingresos futuros, y sus lesiones pueden afectar su calidad de vida de manera m\u00e1s significativa y por m\u00e1s tiempo.<\/li>\n<li><strong>C\u00f3mo ocurri\u00f3 el accidente:<\/strong> nuestros abogados de lesiones personales y el equipo de expertos investigar\u00e1n si el otro conductor viol\u00f3 las leyes de tr\u00e1nsito. Podemos recopilar evidencia para establecer la negligencia del conductor. Si m\u00faltiples partes tienen la culpa del accidente, usted podr\u00eda tener m\u00faltiples reclamos y podr\u00eda haber m\u00e1s compensaci\u00f3n disponible. Sin embargo, si usted tuvo parte de la culpa en el accidente, su compensaci\u00f3n podr\u00eda reducirse.<\/li>\n<li><strong>Las p\u00f3lizas de seguro involucradas:<\/strong> seg\u00fan <a href=\"https:\/\/www.oid.ok.gov\/wp-content\/uploads\/2020\/01\/2020_Auto-Brochure.pdf\" target=\"_blank\" rel=\"noopener\">el Oklahoma Insurance Department<\/a>, los conductores deben tener un m\u00ednimo de $25,000 por persona y $50,000 por accidente en cobertura de responsabilidad civil por lesiones corporales en accidentes de auto, y $25,000 en responsabilidad por da\u00f1os a la propiedad. Sin embargo, muchos automovilistas cuentan con p\u00f3lizas m\u00e1s robustas para protegerse de la responsabilidad personal. Podemos buscar un acuerdo hasta los l\u00edmites de la p\u00f3liza del conductor culpable, pero si este no cuenta con un seguro suficiente, es posible que debamos presentar demandas por lesiones personales para recuperar la mayor cantidad de dinero posible.<\/li>\n<li><strong>La solidez de su caso:<\/strong> un caso robusto con evidencia s\u00f3lida que demuestre la negligencia de la parte culpable hace que su aseguradora est\u00e9 m\u00e1s dispuesta a llegar a un acuerdo y puede ser m\u00e1s convincente ante un jurado en caso de que el asunto llegue a juicio.<\/li>\n<\/ul>\n<p>Si bien la contrataci\u00f3n de un abogado no garantiza que usted recuperar\u00e1 m\u00e1s compensaci\u00f3n, hacerlo puede enviar el mensaje de que habla en serio. Adem\u00e1s, nuestro equipo puede identificar y calcular sus p\u00e9rdidas para que no deje sobre la mesa el dinero que se le adeuda.<\/p>\n<h2>\u00bfC\u00f3mo puedo demostrar la culpa en un accidente de motocicleta en Oklahoma?<\/h2>\n<p>Los conductores de autos, camiones y otros veh\u00edculos de pasajeros a menudo culpan a los motociclistas despu\u00e9s de un choque. Sin embargo, el hecho es que la mayor\u00eda de los motociclistas toman precauciones adicionales para protegerse en la carretera.<\/p>\n<p>Muchas otras partes pueden ser consideradas responsables de un choque, incluyendo:<\/p>\n<ul>\n<li>El conductor que lo golpe\u00f3<\/li>\n<li>El empleador del conductor, quien puede ser responsable si el automovilista culpable estaba conduciendo como parte de sus funciones laborales<\/li>\n<li>El propietario de un bar o tienda donde un conductor obtuvo bebidas alcoh\u00f3licas, a pesar de que ya estaba intoxicado o era menor de edad (menos de 21 a\u00f1os)<\/li>\n<li>Un gobierno local (y\/o contratistas) responsable del dise\u00f1o de la carretera o de defectos que contribuyeron a su accidente<\/li>\n<li>El fabricante y\/o distribuidor de una motocicleta o autom\u00f3vil defectuoso, o de una pieza o sistema que haya contribuido al accidente<\/li>\n<\/ul>\n<p>Programe ahora una consulta gratuita para analizar su reclamo por lesiones en un accidente de motocicleta. Nuestra firma de lesiones personales maneja casos de motocicletas bajo un esquema de honorarios por contingencia, lo que significa que usted no paga nada a menos que obtengamos una compensaci\u00f3n para usted.<\/p>\n<h2>Principales causas de accidentes de motocicleta en Oklahoma<\/h2>\n<p>El estudio federal de referencia sobre estad\u00edsticas de accidentes de motocicleta, \u201cFactores causales de accidentes de motocicleta e identificaci\u00f3n de contramedidas\u201d (conocido como \u201cThe Hurt Report\u201d), establece claramente que el 75% de los choques de motocicletas involucran colisiones con otros veh\u00edculos, que con mayor frecuencia son autos de pasajeros; asimismo, el 66% de las colisiones entre autos y motocicletas ocurren porque un automovilista viola el derecho de paso del motociclista.<\/p>\n<p>Demasiados motociclistas lesionados y personal de respuesta a emergencias han escuchado a un automovilista perturbado exclamar: \u201cNo lo vi\u201d o \u201cSali\u00f3 de la nada\u201d.<\/p>\n<p><a href=\"https:\/\/www.ok.gov\/ohso\/documents\/2015FB_Motorcycles.pdf\" target=\"_blank\" rel=\"noopener\">La Oklahoma Highway Safety Office<\/a> inform\u00f3 que 1,285 operadores de motocicletas se vieron involucrados en choques en un a\u00f1o reciente. El informe enumera varias causas, o \u201cfactores contribuyentes\u201d, encontradas en las investigaciones de accidentes de motocicleta. Estos describen una variedad de negligencias e imprudencias bien conocidas por quienes nos ocupamos de las secuelas de la conducci\u00f3n descuidada, entre ellas:<\/p>\n<ul>\n<li>Velocidad insegura (exceso de velocidad)<\/li>\n<li>Seguir demasiado cerca (tailgating)<\/li>\n<li>Falta de atenci\u00f3n (conducci\u00f3n distra\u00edda)<\/li>\n<li>No ceder el derecho de paso<\/li>\n<li>No detenerse<\/li>\n<li>Cambios de carril inseguros<\/li>\n<li>Rebase inadecuado<\/li>\n<li>Giros indebidos<\/li>\n<li>Cruzar la l\u00ednea central<\/li>\n<li>Veh\u00edculo inseguro (por ejemplo, falla de frenos, neum\u00e1ticos, direcci\u00f3n, etc.)<\/li>\n<li>Conducir bajo la influencia del alcohol o drogas<\/li>\n<\/ul>\n<p>Los automovilistas tienen la misma obligaci\u00f3n de seguridad hacia los motociclistas que hacia los conductores de otros autos y camiones en la carretera. Nuestros abogados de accidentes de motocicleta en Oklahoma City luchan para que los conductores descuidados rindan cuentas por el da\u00f1o que han causado en los choques de motocicletas.<\/p>\n<p>Nuestra firma tambi\u00e9n se enfoca en hacer que las aseguradoras cumplan con su responsabilidad de pagar a las v\u00edctimas lesionadas lo que se les adeuda. Esto incluye la compensaci\u00f3n disponible a trav\u00e9s del seguro de responsabilidad civil para accidentes de auto del conductor culpable, la cobertura de motociclista no asegurado o con seguro insuficiente de la v\u00edctima, y el seguro que posea cualquier otra parte responsable.<\/p>\n","protected":false},"excerpt":{"rendered":"<p>\u00bfEs usted un motociclista de Oklahoma que ha sufrido lesiones catastr\u00f3ficas en un accidente de motocicleta que no fue su culpa? De ser as\u00ed, no deber\u00eda tener que pagar las consecuencias de su propio bolsillo. Usted merece la m\u00e1xima compensaci\u00f3n de la persona que le lastim\u00f3. Un abogado de accidentes de motocicleta en Oklahoma de&#8230;<\/p>\n","protected":false},"author":62,"featured_media":105697,"parent":0,"menu_order":0,"comment_status":"closed","ping_status":"closed","template":"practice-area.php","meta":{"_acf_changed":false,"footnotes":"","_elementor_data":""},"class_list":["post-105693","page","type-page","status-publish","has-post-thumbnail","hentry"],"acf":[],"page_builder_type":"classic","gutenberg_data":[],"yoast_head":"<!-- This site is optimized with the Yoast SEO plugin v27.3 - https:\/\/yoast.com\/product\/yoast-seo-wordpress\/ -->\n<title>Abogado de accidentes de motocicleta en Oklahoma | Cain Law<\/title>\n<meta name=\"description\" content=\"\u00bfSufri\u00f3 un accidente de motocicleta en Oklahoma City? Los abogados de Cain Law protegen sus derechos frente a las aseguradoras. Obtenga la compensaci\u00f3n que merece por sus lesiones y da\u00f1os.\" \/>\n<meta name=\"robots\" content=\"index, follow, max-snippet:-1, max-image-preview:large, max-video-preview:-1\" \/>\n<link rel=\"canonical\" href=\"https:\/\/cainlaw-okc.com\/es\/abogados-accidentes-motocicleta\/\" \/>\n<meta property=\"og:locale\" content=\"es_ES\" \/>\n<meta property=\"og:type\" content=\"article\" \/>\n<meta property=\"og:title\" content=\"Abogado de accidentes de motocicleta en Oklahoma | Cain Law\" \/>\n<meta property=\"og:description\" content=\"\u00bfSufri\u00f3 un accidente de motocicleta en Oklahoma City? Los abogados de Cain Law protegen sus derechos frente a las aseguradoras. Obtenga la compensaci\u00f3n que merece por sus lesiones y da\u00f1os.\" \/>\n<meta property=\"og:url\" content=\"https:\/\/cainlaw-okc.com\/es\/abogados-accidentes-motocicleta\/\" \/>\n<meta property=\"og:site_name\" content=\"Cain Law\" \/>\n<meta property=\"article:publisher\" content=\"https:\/\/www.facebook.com\/CainLawOffice\/\" \/>\n<meta property=\"article:modified_time\" content=\"2026-04-20T08:05:45+00:00\" \/>\n<meta property=\"og:image\" content=\"https:\/\/cainlaw-okc.com\/wp-content\/uploads\/2026\/04\/Abogado-de-accidentes-de-motocicleta-en-Oklahoma-City-e1776270515754.jpg\" \/>\n\t<meta property=\"og:image:width\" content=\"3540\" \/>\n\t<meta property=\"og:image:height\" content=\"1275\" \/>\n\t<meta property=\"og:image:type\" content=\"image\/jpeg\" \/>\n<meta name=\"twitter:card\" content=\"summary_large_image\" \/>\n<meta name=\"twitter:site\" content=\"@cainlaw_\" \/>\n<meta name=\"twitter:label1\" content=\"Tiempo de lectura\" \/>\n\t<meta name=\"twitter:data1\" content=\"10 minutos\" \/>\n<!-- \/ Yoast SEO plugin. -->","yoast_head_json":{"title":"Abogado de accidentes de motocicleta en Oklahoma | Cain Law","description":"\u00bfSufri\u00f3 un accidente de motocicleta en Oklahoma City? Los abogados de Cain Law protegen sus derechos frente a las aseguradoras. Obtenga la compensaci\u00f3n que merece por sus lesiones y da\u00f1os.","robots":{"index":"index","follow":"follow","max-snippet":"max-snippet:-1","max-image-preview":"max-image-preview:large","max-video-preview":"max-video-preview:-1"},"canonical":"https:\/\/cainlaw-okc.com\/es\/abogados-accidentes-motocicleta\/","og_locale":"es_ES","og_type":"article","og_title":"Abogado de accidentes de motocicleta en Oklahoma | Cain Law","og_description":"\u00bfSufri\u00f3 un accidente de motocicleta en Oklahoma City? Los abogados de Cain Law protegen sus derechos frente a las aseguradoras. Obtenga la compensaci\u00f3n que merece por sus lesiones y da\u00f1os.","og_url":"https:\/\/cainlaw-okc.com\/es\/abogados-accidentes-motocicleta\/","og_site_name":"Cain Law","article_publisher":"https:\/\/www.facebook.com\/CainLawOffice\/","article_modified_time":"2026-04-20T08:05:45+00:00","og_image":[{"width":3540,"height":1275,"url":"https:\/\/cainlaw-okc.com\/wp-content\/uploads\/2026\/04\/Abogado-de-accidentes-de-motocicleta-en-Oklahoma-City-e1776270515754.jpg","type":"image\/jpeg"}],"twitter_card":"summary_large_image","twitter_site":"@cainlaw_","twitter_misc":{"Tiempo de lectura":"10 minutos"},"schema":{"@context":"https:\/\/schema.org","@graph":[{"@type":"WebPage","@id":"https:\/\/cainlaw-okc.com\/es\/abogados-accidentes-motocicleta\/","url":"https:\/\/cainlaw-okc.com\/es\/abogados-accidentes-motocicleta\/","name":"Abogado de accidentes de motocicleta en Oklahoma | Cain Law","isPartOf":{"@id":"https:\/\/cainlaw-okc.com\/es\/#website"},"primaryImageOfPage":{"@id":"https:\/\/cainlaw-okc.com\/es\/abogados-accidentes-motocicleta\/#primaryimage"},"image":{"@id":"https:\/\/cainlaw-okc.com\/es\/abogados-accidentes-motocicleta\/#primaryimage"},"thumbnailUrl":"https:\/\/cainlaw-okc.com\/wp-content\/uploads\/2026\/04\/Abogado-de-accidentes-de-motocicleta-en-Oklahoma-City-e1776270515754.jpg","datePublished":"2026-04-15T16:22:08+00:00","dateModified":"2026-04-20T08:05:45+00:00","description":"\u00bfSufri\u00f3 un accidente de motocicleta en Oklahoma City? Los abogados de Cain Law protegen sus derechos frente a las aseguradoras. Obtenga la compensaci\u00f3n que merece por sus lesiones y da\u00f1os.","breadcrumb":{"@id":"https:\/\/cainlaw-okc.com\/es\/abogados-accidentes-motocicleta\/#breadcrumb"},"inLanguage":"es","potentialAction":[{"@type":"ReadAction","target":["https:\/\/cainlaw-okc.com\/es\/abogados-accidentes-motocicleta\/"]}]},{"@type":"ImageObject","inLanguage":"es","@id":"https:\/\/cainlaw-okc.com\/es\/abogados-accidentes-motocicleta\/#primaryimage","url":"https:\/\/cainlaw-okc.com\/wp-content\/uploads\/2026\/04\/Abogado-de-accidentes-de-motocicleta-en-Oklahoma-City-e1776270515754.jpg","contentUrl":"https:\/\/cainlaw-okc.com\/wp-content\/uploads\/2026\/04\/Abogado-de-accidentes-de-motocicleta-en-Oklahoma-City-e1776270515754.jpg","width":3540,"height":1275,"caption":"Abogado de accidentes de motocicleta en Oklahoma City"},{"@type":"BreadcrumbList","@id":"https:\/\/cainlaw-okc.com\/es\/abogados-accidentes-motocicleta\/#breadcrumb","itemListElement":[{"@type":"ListItem","position":1,"name":"Inicio","item":"https:\/\/cainlaw-okc.com\/es\/"},{"@type":"ListItem","position":2,"name":"Abogado de accidentes de motocicleta en Oklahoma City"}]},{"@type":"WebSite","@id":"https:\/\/cainlaw-okc.com\/es\/#website","url":"https:\/\/cainlaw-okc.com\/es\/","name":"Cain Law","description":"","publisher":{"@id":"https:\/\/cainlaw-okc.com\/es\/#organization"},"potentialAction":[{"@type":"SearchAction","target":{"@type":"EntryPoint","urlTemplate":"https:\/\/cainlaw-okc.com\/es\/?s={search_term_string}"},"query-input":{"@type":"PropertyValueSpecification","valueRequired":true,"valueName":"search_term_string"}}],"inLanguage":"es"},{"@type":["Organization","Place"],"@id":"https:\/\/cainlaw-okc.com\/es\/#organization","name":"Cain Law","url":"https:\/\/cainlaw-okc.com\/es\/","logo":{"@type":"ImageObject","inLanguage":"es","@id":"https:\/\/cainlaw-okc.com\/es\/#\/schema\/logo\/image\/","url":"https:\/\/cainlaw-okc.com\/wp-content\/uploads\/2017\/01\/cain-law-injury-lawyers-logo.png","contentUrl":"https:\/\/cainlaw-okc.com\/wp-content\/uploads\/2017\/01\/cain-law-injury-lawyers-logo.png","width":316,"height":115,"caption":"Cain Law"},"image":{"@id":"https:\/\/cainlaw-okc.com\/es\/#\/schema\/logo\/image\/"},"sameAs":["https:\/\/www.facebook.com\/CainLawOffice\/","https:\/\/x.com\/cainlaw_","https:\/\/www.youtube.com\/@CainLawOffice\/videos","https:\/\/www.instagram.com\/cainlawokc","https:\/\/www.linkedin.com\/company\/cain-law-office\/"],"mainEntityOfPage":{"@id":"https:\/\/cainlaw-okc.com\/es\/abogados-accidentes-motocicleta\/"}}]}},"_links":{"self":[{"href":"https:\/\/cainlaw-okc.com\/es\/wp-json\/wp\/v2\/pages\/105693","targetHints":{"allow":["GET"]}}],"collection":[{"href":"https:\/\/cainlaw-okc.com\/es\/wp-json\/wp\/v2\/pages"}],"about":[{"href":"https:\/\/cainlaw-okc.com\/es\/wp-json\/wp\/v2\/types\/page"}],"author":[{"embeddable":true,"href":"https:\/\/cainlaw-okc.com\/es\/wp-json\/wp\/v2\/users\/62"}],"replies":[{"embeddable":true,"href":"https:\/\/cainlaw-okc.com\/es\/wp-json\/wp\/v2\/comments?post=105693"}],"version-history":[{"count":0,"href":"https:\/\/cainlaw-okc.com\/es\/wp-json\/wp\/v2\/pages\/105693\/revisions"}],"wp:featuredmedia":[{"embeddable":true,"href":"https:\/\/cainlaw-okc.com\/es\/wp-json\/wp\/v2\/media\/105697"}],"wp:attachment":[{"href":"https:\/\/cainlaw-okc.com\/es\/wp-json\/wp\/v2\/media?parent=105693"}],"curies":[{"name":"wp","href":"https:\/\/api.w.org\/{rel}","templated":true}]}}