{"id":105577,"date":"2026-03-17T15:56:53","date_gmt":"2026-03-17T15:56:53","guid":{"rendered":"https:\/\/cainlaw-okc.com\/?page_id=105577"},"modified":"2026-03-17T15:59:35","modified_gmt":"2026-03-17T15:59:35","slug":"abogado-de-accidentes-de-bicicleta","status":"publish","type":"page","link":"https:\/\/cainlaw-okc.com\/es\/abogado-de-accidentes-de-bicicleta\/","title":{"rendered":"Abogado de accidentes de bicicleta en la Ciudad de Oklahoma"},"content":{"rendered":"<img loading=\"lazy\" decoding=\"async\" class=\"alignleft wp-image-105578\" src=\"https:\/\/cainlaw-okc.com\/wp-content\/uploads\/2026\/03\/Abogado-de-accidentes-de-bicicleta-en-la-Ciudad-de-Oklahoma-240x300.png\" alt=\"Abogado de accidentes de bicicleta en la Ciudad de Oklahoma\" width=\"400\" height=\"500\" srcset=\"https:\/\/cainlaw-okc.com\/wp-content\/uploads\/2026\/03\/Abogado-de-accidentes-de-bicicleta-en-la-Ciudad-de-Oklahoma-240x300.png 240w, https:\/\/cainlaw-okc.com\/wp-content\/uploads\/2026\/03\/Abogado-de-accidentes-de-bicicleta-en-la-Ciudad-de-Oklahoma-819x1024.png 819w, https:\/\/cainlaw-okc.com\/wp-content\/uploads\/2026\/03\/Abogado-de-accidentes-de-bicicleta-en-la-Ciudad-de-Oklahoma-768x960.png 768w, https:\/\/cainlaw-okc.com\/wp-content\/uploads\/2026\/03\/Abogado-de-accidentes-de-bicicleta-en-la-Ciudad-de-Oklahoma.png 1200w\" sizes=\"auto, (max-width: 400px) 100vw, 400px\" \/>\n<p>Los ciclistas, al igual que los motociclistas, son muy vulnerables cuando se ven involucrados en accidentes con autom\u00f3viles, camiones u otros veh\u00edculos motorizados de mayor tama\u00f1o. Tienen m\u00e1s probabilidades de sufrir lesiones catastr\u00f3ficas que pueden dejarles dolor y sufrimiento persistentes durante a\u00f1os, adem\u00e1s de facturas m\u00e9dicas abrumadoras.<\/p>\n<p>Las v\u00edctimas de accidentes de bicicleta tambi\u00e9n enfrentan la posibilidad de ausentarse del trabajo durante largos periodos, as\u00ed como da\u00f1os materiales en una bicicleta que puede ser muy costosa. Si usted result\u00f3 lesionado en un accidente, es probable que necesite la ayuda de un abogado con experiencia en accidentes de bicicleta en la Ciudad de Oklahoma.<\/p>\n<h2>\u00bfSon los accidentes de bicicleta m\u00e1s graves que otros accidentes?<\/h2>\n<p>Durante los \u00faltimos cinco a\u00f1os, hubo un promedio de 45,400 ciclistas lesionados en accidentes relacionados con veh\u00edculos, <a href=\"https:\/\/www.nhtsa.gov\/book\/countermeasures-that-work\/bicycle-safety\" target=\"_blank\" rel=\"noopener\">seg\u00fan la Administraci\u00f3n Nacional de Seguridad del Tr\u00e1fico en las Carreteras<\/a>. De esos ciclistas lesionados, un promedio de 833 fallecieron como resultado de estas colisiones.<\/p>\n<p>Los ciclistas lesionados y las familias de quienes fallecen en accidentes de bicicleta suelen recurrir a reclamos ante las aseguradoras para obtener la ayuda econ\u00f3mica que necesitan. Sin embargo, con frecuencia descubren que estas compa\u00f1\u00edas ofrecen poca ayuda. Los automovilistas tienden a culpar r\u00e1pidamente a los ciclistas por los accidentes, y la aseguradora busca pagar lo menos posible, o incluso nada, en este tipo de reclamos.<\/p>\n<h2>Acerca de nuestros abogados de accidentes de bicicleta en Oklahoma<\/h2>\n<p>Durante m\u00e1s de 30 a\u00f1os, el abogado de accidentes de bicicleta en la Ciudad de Oklahoma de Cain Law ha luchado con \u00e9xito para obtener la compensaci\u00f3n que los ciclistas lesionados merecen tras accidentes de auto. Asumimos la carga de nuestros clientes lesionados al adelantar todos los costos asociados con su reclamo legal. No le cobraremos honorarios a menos que obtengamos una compensaci\u00f3n para usted.<\/p>\n<p>Si usted ha resultado lesionado o ha perdido a un ser querido en un accidente de bicicleta, no dude en buscar la ayuda que necesita. Comun\u00edquese hoy mismo con nuestro abogado de accidentes de bicicleta en la Ciudad de Oklahoma para programar una consulta inicial gratuita y analizar todas sus opciones para presentar un reclamo.<\/p>\n<h2>No acepte ofertas de las aseguradoras por su accidente de bicicleta<\/h2>\n<p>Si usted o un ser querido fue atropellado por un autom\u00f3vil o un cami\u00f3n mientras circulaba en bicicleta, es posible que ya haya sido contactado por un ajustador de seguros que representa al conductor responsable. No firme ninguna declaraci\u00f3n ni acepte ning\u00fan pago de una aseguradora hasta que nuestra abogada o abogado de lesiones de accidente de bicicleta haya revisado la oferta.<\/p>\n<p>En las etapas inmediatas posteriores a un accidente, no es posible que un asegurador conozca el verdadero alcance de los costos y p\u00e9rdidas que usted ha sufrido a ra\u00edz de un accidente de bicicleta grave. Cualquier oferta de pago probablemente ser\u00e1 un acuerdo por una cantidad baja, basado en pagos anteriores por reclamos similares a la suya, sin tomar en cuenta las particularidades de su caso. Al aceptar una oferta de conciliaci\u00f3n, podr\u00eda estar renunciando a su derecho a recibir una compensaci\u00f3n mucho mayor.<\/p>\n<h2>C\u00f3mo pueden ayudarle nuestros abogados de accidentes de bicicleta<\/h2>\n<p>Cuando se comunique con Cain Law, nuestro experimentado abogado de accidentes de bicicleta en la Ciudad de Oklahoma:<\/p>\n<ul>\n<li><strong>Programar\u00e1 una consulta inicial gratuita.<\/strong><br \/>\nPodemos reunirnos con usted en nuestras oficinas en la Ciudad de Oklahoma, Edmond o Tulsa, o en su domicilio, habitaci\u00f3n de hospital, oficina, etc., donde le resulte m\u00e1s conveniente. Durante esta reuni\u00f3n, revisaremos los detalles de su caso y analizaremos sus opciones para obtener una compensaci\u00f3n.<\/li>\n<li><strong>Llevar\u00e1 su reclamo bajo un esquema de honorarios por contingencia.<\/strong><br \/>\nNos haremos cargo de todos los costos de investigaci\u00f3n de su caso y de la presentaci\u00f3n del reclamo sin cobrarle un solo centavo, a menos, y hasta que logremos recuperar una compensaci\u00f3n para usted. En ese momento, retendremos un porcentaje previamente acordado de cualquier acuerdo o indemnizaci\u00f3n otorgada por un jurado. No tendr\u00e1 que pagar nada de su bolsillo. Si no obtenemos resultados favorables, no se le cobrar\u00e1 ning\u00fan honorario. Este acuerdo protege sus intereses y nos motiva a buscar el mejor resultado posible para usted.<\/li>\n<li><strong>Har\u00e1 todas las gestiones necesarias.<\/strong><br \/>\nNos ocuparemos de toda la correspondencia y la documentaci\u00f3n necesaria para obtener las pruebas que fortalezcan su caso, como informes policiales, expedientes m\u00e9dicos, recibos y m\u00e1s. Nuestro equipo presentar\u00e1 los reclamos ante las aseguradoras y responder\u00e1 a sus requerimientos. Estaremos preparados para presentar una demanda por accidente de bicicleta si no es posible alcanzar un acuerdo justo sin acudir a los tribunales.<\/li>\n<li><strong>Identificar\u00e1 todas las posibles fuentes de compensaci\u00f3n.<\/strong><br \/>\nEsto puede incluir el seguro del conductor responsable, su propio seguro o incluso el fabricante o distribuidor de una pieza defectuosa del autom\u00f3vil o de la bicicleta. Si usted result\u00f3 lesionado mientras desempe\u00f1aba sus funciones laborales, tambi\u00e9n podemos analizar sus opciones para presentar un reclamo de compensaci\u00f3n laboral.<\/li>\n<li><strong>Consultar\u00e1 con expertos.<\/strong><br \/>\nContaremos con consultores m\u00e9dicos independientes que revisen su expediente para asegurarnos de tener una visi\u00f3n objetiva de sus lesiones y su pron\u00f3stico. Seg\u00fan las circunstancias de su caso, tambi\u00e9n podemos consultar con especialistas en reconstrucci\u00f3n de accidentes, expertos en rehabilitaci\u00f3n vocacional, planificadores de cuidados de vida y otros profesionales que nos ayuden a desarrollar un reclamo integral orientado a obtener la m\u00e1xima compensaci\u00f3n posible.<\/li>\n<li><strong>Aprovechar\u00e1 nuestras conexiones en la comunidad en su beneficio.<\/strong><br \/>\nDespu\u00e9s de un accidente automovil\u00edstico, es probable que usted enfrente numerosos desaf\u00edos, tanto f\u00edsicos como emocionales y financieros. Podemos ayudarle a cubrir todos los frentes y a aliviar su carga. Esto incluye coordinar citas con especialistas m\u00e9dicos, recuperar su bicicleta y\/u otros bienes personales si usted no ha podido hacerlo, as\u00ed como notificar a acreedores y a otras personas sobre su accidente y su situaci\u00f3n.<\/li>\n<li><strong>Estar\u00e1 siempre disponible para responder sus preguntas.<\/strong><br \/>\nNuestro equipo responder\u00e1 con prontitud a todas sus dudas e inquietudes, ya sea en persona, por tel\u00e9fono o por correo electr\u00f3nico. Le informaremos sobre todas las ofertas de acuerdo, junto con nuestras recomendaciones; sin embargo, la decisi\u00f3n final sobre aceptar o no un acuerdo ser\u00e1 siempre suya. Si es necesario acudir a juicio, nos aseguraremos de que comprenda c\u00f3mo funciona el proceso y cu\u00e1l podr\u00eda ser su papel. (No estar\u00eda legalmente obligado a testificar en el juicio, pero si ello beneficiara su caso y se ajustara a la estrategia acordada, nos asegurar\u00edamos de que estuviera plenamente preparado).<\/li>\n<li><strong>Evitar\u00e1 que la(s) aseguradora(s) y la parte responsable lo acosen.<\/strong><br \/>\nA medida que avance su reclamo, Cain Law actuar\u00e1 como un intermediario entre usted y cualquier situaci\u00f3n que pueda entorpecer su recuperaci\u00f3n. Una vez que asumamos su caso, podr\u00e1 remitir todas las preguntas de aseguradoras, acreedores u otras personas relacionadas con su accidente y sus lesiones a su abogado de accidentes de bicicleta.<\/li>\n<\/ul>\n<p>En Cain Law, creemos que usted debe quedar financieramente restituido mediante un acuerdo por accidente de bicicleta, sin deudas atribuibles al accidente y sin dificultades para reemplazar su bicicleta si planea volver a usarla una vez que se recupere. Si ha quedado con una discapacidad a causa de un accidente de auto, no deber\u00eda tener preocupaciones sobre c\u00f3mo se sostendr\u00e1 econ\u00f3micamente en el futuro.<\/p>\n<p>Comun\u00edquese hoy mismo con nuestro despacho de abogados de accidentes de bicicleta en la Ciudad de Oklahoma para programar una consulta inicial gratuita. Podemos revisar cualquier oferta de acuerdo que haya recibido y conversar sobre las mejores opciones para avanzar con su caso.<\/p>\n<h2>Compensaci\u00f3n por accidentes de bicicleta en Oklahoma<\/h2>\n<p>Debido a que los accidentes de bicicleta con frecuencia provocan lesiones catastr\u00f3ficas, muchas v\u00edctimas se enfrentan a cargas econ\u00f3micas significativas mientras intentan recuperarse.<\/p>\n<p>En Cain Law, nuestro abogado con experiencia en lesiones por accidentes de bicicleta se compromete a investigar y documentar minuciosamente su reclamo, con el fin de determinar cu\u00e1nta compensaci\u00f3n necesitar\u00e1 realmente para seguir adelante.<\/p>\n<h2>Tipos de da\u00f1os despu\u00e9s de un accidente de bicicleta<\/h2>\n<p>Es probable que nuestro equipo busque tanto da\u00f1os econ\u00f3micos como no econ\u00f3micos, incluyendo el pago por:<\/p>\n<ul>\n<li>Sus facturas m\u00e9dicas pasadas y futuras<\/li>\n<li>Cualquier gasto por da\u00f1os a la propiedad<\/li>\n<li>Ingresos perdidos y disminuci\u00f3n de su capacidad de generar ingresos en el futuro<\/li>\n<li>Da\u00f1os por dolor y sufrimiento<\/li>\n<li>Da\u00f1os punitivos en casos extremos<\/li>\n<\/ul>\n<p>Despu\u00e9s de un accidente de bicicleta grave, es fundamental contar con un abogado de accidentes de bicicleta que est\u00e9 comprometido con su recuperaci\u00f3n a largo plazo y no con una soluci\u00f3n r\u00e1pida. Comun\u00edquese hoy mismo con nuestro abogado de lesiones para conocer c\u00f3mo podemos marcar una diferencia en su caso.<\/p>\n<h2>Causas comunes de accidentes de bicicleta en la Ciudad de Oklahoma<\/h2>\n<p>En una colisi\u00f3n entre un veh\u00edculo motorizado y una bicicleta, el ciclista es quien tiene m\u00e1s probabilidades de terminar en el hospital y enfrentar un proceso de recuperaci\u00f3n largo y dif\u00edcil. Sin embargo, en muchos casos, el conductor es quien tiene la responsabilidad del accidente.<\/p>\n<p>Nuestro abogado de accidentes en la Ciudad de Oklahoma ha manejado innumerables casos de choques de bicicleta a lo largo de los a\u00f1os, y algunas de las causas comunes que hemos investigado incluyen:<\/p>\n<ul>\n<li><a href=\"https:\/\/cainlaw-okc.com\/car-accident-lawyers\/distracted-driving\/\">Conducci\u00f3n distra\u00edda<\/a>, especialmente enviar mensajes de texto mientras se conduce y el uso del tel\u00e9fono celular.<\/li>\n<li><a href=\"https:\/\/cainlaw-okc.com\/car-accident-lawyers\/drunk-driving\/\">Conducci\u00f3n bajo los efectos del alcohol y\/o drogas<\/a>.<\/li>\n<li>Conducci\u00f3n fatigada o con somnolencia.<\/li>\n<li>Conducci\u00f3n agresiva (exceso de velocidad, cambios frecuentes de carril, no respetar se\u00f1ales de alto o sem\u00e1foros en rojo, no ceder el paso, etc.).<\/li>\n<li>Invadir el espacio del ciclista y rozarlo lateralmente.<\/li>\n<li>No mirar antes de girar frente a un ciclista.<\/li>\n<li>Incorporarse desde una calle secundaria, entrada vehicular o estacionamiento directamente en la trayectoria de un ciclista.<\/li>\n<\/ul>\n<h2>Leyes de bicicleta en Oklahoma<\/h2>\n<p>A continuaci\u00f3n, se presentan otras <a href=\"https:\/\/oksenate.gov\/sites\/default\/files\/2019-12\/os47.pdf\">leyes importantes sobre el uso de la bicicleta<\/a> que usted debe conocer:<\/p>\n<ul>\n<li><strong>Obedecer se\u00f1ales e indicaciones de tr\u00e1nsito:<\/strong> los ciclistas deben respetar las mismas se\u00f1ales y sem\u00e1foros que los veh\u00edculos motorizados. Por ejemplo, deben detenerse en luces rojas y se\u00f1ales de alto, ceder el paso cuando sea necesario y cruzar intersecciones \u00fanicamente cuando sea seguro hacerlo.<\/li>\n<li><strong>Cruzar la calle:<\/strong> al cruzar por un paso peatonal se\u00f1alizado o al atravesar una v\u00eda desde una acera hacia otra, los ciclistas deben desmontar y caminar junto a su bicicleta al cruzar la calle; de lo contrario, podr\u00edan ser considerados responsables en caso de una colisi\u00f3n.<\/li>\n<li><strong>Circular por el lado derecho:<\/strong> en la mayor\u00eda de los casos, los ciclistas deben circular lo m\u00e1s cerca posible del lado derecho de la v\u00eda. No obstante, existen excepciones, como evitar obst\u00e1culos en el camino, prepararse para girar a la izquierda o cuando el carril es demasiado estrecho para compartirse de forma segura con un veh\u00edculo.<\/li>\n<li><strong>Circular de dos en dos:<\/strong> la ley de Oklahoma permite que dos ciclistas circulen uno al lado del otro dentro de un mismo carril. Sin embargo, no pueden circular m\u00e1s de dos en paralelo en v\u00edas p\u00fablicas.<\/li>\n<li><strong>Uso de se\u00f1ales manuales:<\/strong> los ciclistas deben utilizar se\u00f1ales claras con la mano al girar o detenerse para alertar a los conductores cercanos y ayudar a prevenir colisiones, salvo que hacerlo interfiera con su capacidad para controlar la bicicleta.<\/li>\n<li><strong>Rebase seguro:<\/strong> los automovilistas deben cambiar al carril libre antes de haber rebasado por completo al ciclista de manera segura o dejar al menos tres pies (aproximadamente un metro) de distancia entre su veh\u00edculo y la bicicleta al adelantar en una carretera de dos carriles.<\/li>\n<li><strong>Equipo obligatorio durante la noche:<\/strong> la ley de Oklahoma exige que los ciclistas que circulen de noche utilicen un reflector trasero rojo visible desde una distancia de hasta 600 pies. Las bicicletas que se utilicen por la noche en v\u00edas con l\u00edmites de velocidad superiores a 25 millas por hora deben contar con una luz delantera blanca visible a 1,000 pies y una luz trasera roja visible tambi\u00e9n a 1,000 pies.<\/li>\n<li><strong>Prohibici\u00f3n de sujetarse a veh\u00edculos:<\/strong> los ciclistas no pueden sujetarse ni aferrarse a un veh\u00edculo motorizado en movimiento.<\/li>\n<li><strong>Transporte de pasajeros:<\/strong> una bicicleta no puede transportar m\u00e1s pasajeros de los que est\u00e1 dise\u00f1ada o equipada para llevar. Est\u00e1 prohibido llevar personas adicionales en el manubrio, el cuadro o los soportes laterales.<\/li>\n<li><strong>Uso de casco para menores:<\/strong> aunque el estado no exige que los adultos usen casco, ciertas ciudades de Oklahoma requieren que los ciclistas menores de determinada edad utilicen casco de protecci\u00f3n.<\/li>\n<\/ul>\n<h2>Comun\u00edquese hoy mismo con nuestros abogados de accidentes de bicicleta.<\/h2>\n<p>Si usted o un ser querido ha sufrido lesiones graves en un accidente de bicicleta en el \u00e1rea metropolitana de la Ciudad de Oklahoma, comun\u00edquese hoy con Cain Law. Nuestro equipo legal le responder\u00e1 con prontitud para comenzar a trabajar en su reclamaci\u00f3n econ\u00f3mica. Nuestros dedicados abogados de accidentes de bicicleta cuentan con m\u00e1s de dos d\u00e9cadas de experiencia obteniendo compensaci\u00f3n por gastos m\u00e9dicos, da\u00f1os a la propiedad, p\u00e9rdida de ingresos, dolor, sufrimiento y otros perjuicios en accidentes como el suyo.<\/p>\n<p>Comun\u00edquese con nuestro despacho de abogados de lesiones personales lo antes posible para comenzar con su reclamo por accidente de bicicleta. Estamos listos para reunirnos con usted en una consulta inicial gratuita. Y recuerde, trabajamos bajo un esquema de honorarios por contingencia, lo que significa que no cobramos honorarios legales a menos que logremos recuperar dinero para usted.<\/p>\n","protected":false},"excerpt":{"rendered":"<p>Los ciclistas, al igual que los motociclistas, son muy vulnerables cuando se ven involucrados en accidentes con autom\u00f3viles, camiones u otros veh\u00edculos motorizados de mayor tama\u00f1o. Tienen m\u00e1s probabilidades de sufrir lesiones catastr\u00f3ficas que pueden dejarles dolor y sufrimiento persistentes durante a\u00f1os, adem\u00e1s de facturas m\u00e9dicas abrumadoras. Las v\u00edctimas de accidentes de bicicleta tambi\u00e9n enfrentan&#8230;<\/p>\n","protected":false},"author":9,"featured_media":0,"parent":0,"menu_order":0,"comment_status":"closed","ping_status":"closed","template":"","meta":{"_acf_changed":false,"footnotes":"","_elementor_data":""},"class_list":["post-105577","page","type-page","status-publish","hentry"],"acf":[],"page_builder_type":"classic","gutenberg_data":[],"yoast_head":"<!-- This site is optimized with the Yoast SEO plugin v27.0 - https:\/\/yoast.com\/product\/yoast-seo-wordpress\/ -->\n<title>Abogado de accidentes de bicicleta en la Ciudad de Oklahoma | Cain Law<\/title>\n<meta name=\"description\" content=\"Los abogados de accidentes de bicicleta en Oklahoma le ofrecen consulta gratuita y trabajan sin cobrar honorarios a menos que obtengan compensaci\u00f3n para usted.\" \/>\n<meta name=\"robots\" content=\"index, follow, max-snippet:-1, max-image-preview:large, max-video-preview:-1\" \/>\n<link rel=\"canonical\" href=\"https:\/\/cainlaw-okc.com\/es\/abogado-de-accidentes-de-bicicleta\/\" \/>\n<meta property=\"og:locale\" content=\"es_ES\" \/>\n<meta property=\"og:type\" content=\"article\" \/>\n<meta property=\"og:title\" content=\"Abogado de accidentes de bicicleta en la Ciudad de Oklahoma | Cain Law\" \/>\n<meta property=\"og:description\" content=\"Los abogados de accidentes de bicicleta en Oklahoma le ofrecen consulta gratuita y trabajan sin cobrar honorarios a menos que obtengan compensaci\u00f3n para usted.\" \/>\n<meta property=\"og:url\" content=\"https:\/\/cainlaw-okc.com\/es\/abogado-de-accidentes-de-bicicleta\/\" \/>\n<meta property=\"og:site_name\" content=\"Cain Law\" \/>\n<meta property=\"article:publisher\" content=\"https:\/\/www.facebook.com\/CainLawOffice\/\" \/>\n<meta property=\"article:modified_time\" content=\"2026-03-17T15:59:35+00:00\" \/>\n<meta property=\"og:image\" content=\"https:\/\/cainlaw-okc.com\/wp-content\/uploads\/2026\/03\/Abogado-de-accidentes-de-bicicleta-en-la-Ciudad-de-Oklahoma.png\" \/>\n\t<meta property=\"og:image:width\" content=\"1200\" \/>\n\t<meta property=\"og:image:height\" content=\"1500\" \/>\n\t<meta property=\"og:image:type\" content=\"image\/png\" \/>\n<meta name=\"twitter:card\" content=\"summary_large_image\" \/>\n<meta name=\"twitter:site\" content=\"@cainlaw_\" \/>\n<meta name=\"twitter:label1\" content=\"Tiempo de lectura\" \/>\n\t<meta name=\"twitter:data1\" content=\"10 minutos\" \/>\n<!-- \/ Yoast SEO plugin. -->","yoast_head_json":{"title":"Abogado de accidentes de bicicleta en la Ciudad de Oklahoma | Cain Law","description":"Los abogados de accidentes de bicicleta en Oklahoma le ofrecen consulta gratuita y trabajan sin cobrar honorarios a menos que obtengan compensaci\u00f3n para usted.","robots":{"index":"index","follow":"follow","max-snippet":"max-snippet:-1","max-image-preview":"max-image-preview:large","max-video-preview":"max-video-preview:-1"},"canonical":"https:\/\/cainlaw-okc.com\/es\/abogado-de-accidentes-de-bicicleta\/","og_locale":"es_ES","og_type":"article","og_title":"Abogado de accidentes de bicicleta en la Ciudad de Oklahoma | Cain Law","og_description":"Los abogados de accidentes de bicicleta en Oklahoma le ofrecen consulta gratuita y trabajan sin cobrar honorarios a menos que obtengan compensaci\u00f3n para usted.","og_url":"https:\/\/cainlaw-okc.com\/es\/abogado-de-accidentes-de-bicicleta\/","og_site_name":"Cain Law","article_publisher":"https:\/\/www.facebook.com\/CainLawOffice\/","article_modified_time":"2026-03-17T15:59:35+00:00","og_image":[{"width":1200,"height":1500,"url":"https:\/\/cainlaw-okc.com\/wp-content\/uploads\/2026\/03\/Abogado-de-accidentes-de-bicicleta-en-la-Ciudad-de-Oklahoma.png","type":"image\/png"}],"twitter_card":"summary_large_image","twitter_site":"@cainlaw_","twitter_misc":{"Tiempo de lectura":"10 minutos"},"schema":{"@context":"https:\/\/schema.org","@graph":[{"@type":"WebPage","@id":"https:\/\/cainlaw-okc.com\/es\/abogado-de-accidentes-de-bicicleta\/","url":"https:\/\/cainlaw-okc.com\/es\/abogado-de-accidentes-de-bicicleta\/","name":"Abogado de accidentes de bicicleta en la Ciudad de Oklahoma | Cain Law","isPartOf":{"@id":"https:\/\/cainlaw-okc.com\/es\/#website"},"primaryImageOfPage":{"@id":"https:\/\/cainlaw-okc.com\/es\/abogado-de-accidentes-de-bicicleta\/#primaryimage"},"image":{"@id":"https:\/\/cainlaw-okc.com\/es\/abogado-de-accidentes-de-bicicleta\/#primaryimage"},"thumbnailUrl":"https:\/\/cainlaw-okc.com\/wp-content\/uploads\/2026\/03\/Abogado-de-accidentes-de-bicicleta-en-la-Ciudad-de-Oklahoma-240x300.png","datePublished":"2026-03-17T15:56:53+00:00","dateModified":"2026-03-17T15:59:35+00:00","description":"Los abogados de accidentes de bicicleta en Oklahoma le ofrecen consulta gratuita y trabajan sin cobrar honorarios a menos que obtengan compensaci\u00f3n para usted.","breadcrumb":{"@id":"https:\/\/cainlaw-okc.com\/es\/abogado-de-accidentes-de-bicicleta\/#breadcrumb"},"inLanguage":"es","potentialAction":[{"@type":"ReadAction","target":["https:\/\/cainlaw-okc.com\/es\/abogado-de-accidentes-de-bicicleta\/"]}]},{"@type":"ImageObject","inLanguage":"es","@id":"https:\/\/cainlaw-okc.com\/es\/abogado-de-accidentes-de-bicicleta\/#primaryimage","url":"https:\/\/cainlaw-okc.com\/wp-content\/uploads\/2026\/03\/Abogado-de-accidentes-de-bicicleta-en-la-Ciudad-de-Oklahoma-240x300.png","contentUrl":"https:\/\/cainlaw-okc.com\/wp-content\/uploads\/2026\/03\/Abogado-de-accidentes-de-bicicleta-en-la-Ciudad-de-Oklahoma-240x300.png"},{"@type":"BreadcrumbList","@id":"https:\/\/cainlaw-okc.com\/es\/abogado-de-accidentes-de-bicicleta\/#breadcrumb","itemListElement":[{"@type":"ListItem","position":1,"name":"Inicio","item":"https:\/\/cainlaw-okc.com\/es\/"},{"@type":"ListItem","position":2,"name":"Abogado de accidentes de bicicleta en la Ciudad de Oklahoma"}]},{"@type":"WebSite","@id":"https:\/\/cainlaw-okc.com\/es\/#website","url":"https:\/\/cainlaw-okc.com\/es\/","name":"Cain Law","description":"","publisher":{"@id":"https:\/\/cainlaw-okc.com\/es\/#organization"},"potentialAction":[{"@type":"SearchAction","target":{"@type":"EntryPoint","urlTemplate":"https:\/\/cainlaw-okc.com\/es\/?s={search_term_string}"},"query-input":{"@type":"PropertyValueSpecification","valueRequired":true,"valueName":"search_term_string"}}],"inLanguage":"es"},{"@type":["Organization","Place"],"@id":"https:\/\/cainlaw-okc.com\/es\/#organization","name":"Cain Law","url":"https:\/\/cainlaw-okc.com\/es\/","logo":{"@type":"ImageObject","inLanguage":"es","@id":"https:\/\/cainlaw-okc.com\/es\/#\/schema\/logo\/image\/","url":"https:\/\/cainlaw-okc.com\/wp-content\/uploads\/2017\/01\/cain-law-injury-lawyers-logo.png","contentUrl":"https:\/\/cainlaw-okc.com\/wp-content\/uploads\/2017\/01\/cain-law-injury-lawyers-logo.png","width":316,"height":115,"caption":"Cain Law"},"image":{"@id":"https:\/\/cainlaw-okc.com\/es\/#\/schema\/logo\/image\/"},"sameAs":["https:\/\/www.facebook.com\/CainLawOffice\/","https:\/\/x.com\/cainlaw_","https:\/\/www.youtube.com\/@CainLawOffice\/videos","https:\/\/www.instagram.com\/cainlawokc","https:\/\/www.linkedin.com\/company\/cain-law-office\/"],"mainEntityOfPage":{"@id":"https:\/\/cainlaw-okc.com\/es\/abogado-de-accidentes-de-bicicleta\/"}}]}},"_links":{"self":[{"href":"https:\/\/cainlaw-okc.com\/es\/wp-json\/wp\/v2\/pages\/105577","targetHints":{"allow":["GET"]}}],"collection":[{"href":"https:\/\/cainlaw-okc.com\/es\/wp-json\/wp\/v2\/pages"}],"about":[{"href":"https:\/\/cainlaw-okc.com\/es\/wp-json\/wp\/v2\/types\/page"}],"author":[{"embeddable":true,"href":"https:\/\/cainlaw-okc.com\/es\/wp-json\/wp\/v2\/users\/9"}],"replies":[{"embeddable":true,"href":"https:\/\/cainlaw-okc.com\/es\/wp-json\/wp\/v2\/comments?post=105577"}],"version-history":[{"count":0,"href":"https:\/\/cainlaw-okc.com\/es\/wp-json\/wp\/v2\/pages\/105577\/revisions"}],"wp:attachment":[{"href":"https:\/\/cainlaw-okc.com\/es\/wp-json\/wp\/v2\/media?parent=105577"}],"curies":[{"name":"wp","href":"https:\/\/api.w.org\/{rel}","templated":true}]}}