{"id":103622,"date":"2017-01-27T13:25:07","date_gmt":"2017-01-27T13:25:07","guid":{"rendered":"https:\/\/cainlaw-okc.com\/?page_id=103622"},"modified":"2025-06-03T07:35:14","modified_gmt":"2025-06-03T07:35:14","slug":"abogados-de-accidentes-de-auto-en-oklahoma-city","status":"publish","type":"page","link":"https:\/\/cainlaw-okc.com\/es\/abogados-de-accidentes-de-auto-en-oklahoma-city\/","title":{"rendered":"Accidente de Auto"},"content":{"rendered":"<h2>Luchando por la compensaci\u00f3n que necesita \u2500 Tanto ahora como en el futuro<\/h2>\n<p>Si usted ha resultado leasionado en un accidente de auto, probablemente est\u00e9 descubriendo que la recuperaci\u00f3n implica m\u00e1s que simplemente recibir ayuda m\u00e9dica. Entendemos, adem\u00e1s, que enfrenta crecientes facturas m\u00e9dicas, costos para reparar o reemplazar su veh\u00edculo, e incertidumbre acerca de cu\u00e1ndo y si podr\u00e1 regresar al trabajo. Mientras tanto, es muy probable que est\u00e9 lidiando con una aseguradora que le est\u00e1 causando m\u00e1s molestias que ayuda.<\/p>\n<p><strong>En\u00a0Cain Law, nuestros dedicados\u00a0abogados de accidentes automovil\u00edsticos en la ciudad de Oklahoma<\/strong><strong>\u00a0tienen m\u00e1s de dos d\u00e9cadas de experiencia recuperando la m\u00e1xima compensaci\u00f3n para las v\u00edctimas de accidentes<\/strong>.\u00a0El excelente servicio del fundador Monty Cain a sus clientes le ha valido el reconocimiento de la Asociaci\u00f3n Nacional de los 100 mejores abogados litigantes y del Million Dollar Lawyers Forum.\u00a0Pero nuestro compromiso con usted va m\u00e1s all\u00e1 de la recuperaci\u00f3n financiera.\u00a0Tambi\u00e9n nos esforzamos por conectarlo con los proveedores m\u00e9dicos que necesita para recuperar su vida.<\/p>\n<p>Cont\u00e1ctenos hoy\u00a0para programar una consulta gratuita.\u00a0Ya sea que se encuentre en Oklahoma City, Edmond, Moore o sus alrededores, nuestros abogados de lesiones personales pueden reunirse con usted de inmediato para comenzar a construir un caso s\u00f3lido para una compensaci\u00f3n completa y justa.<\/p>\n<h2>\u00bfPor qu\u00e9 necesita un abogado despu\u00e9s de un accidente automovil\u00edstico?<\/h2>\n<p>Muchos de los clientes lesionados con los que trabajamos nunca antes hab\u00edan enfrentado esta situaci\u00f3n.\u00a0No se les considera del \u201ctipo demandante\u201d, pero no pueden permitirse el lujo de aceptar una oferta de compensaci\u00f3n baja de las aseguradoras.<\/p>\n<p>Bas\u00e1ndonos en nuestros m\u00e1s de 20 a\u00f1os de experiencia como abogados de lesiones personales, conocemos las presiones que enfrenta hoy.\u00a0Adem\u00e1s, podemos hablar con usted sobre los desaf\u00edos futuros que puede enfrentar despu\u00e9s de sufrir una lesi\u00f3n grave en un accidente automovil\u00edstico.\u00a0Durante este momento dif\u00edcil, es extremadamente importante que comprenda plenamente los verdaderos da\u00f1os que ha sufrido y est\u00e9 preparado para negociar desde la posici\u00f3n m\u00e1s fuerte posible.\u00a0Ah\u00ed es donde entramos nosotros.<\/p>\n<p>Puede contar con nuestros abogados de accidentes automovil\u00edsticos de la ciudad de Oklahoma para:<\/p>\n<ul>\n<li><strong>Investigue su accidente automovil\u00edstico e identifique qui\u00e9n es legalmente responsable<\/strong>\u00a0del accidente y de sus lesiones.\u00a0Probablemente sea el otro conductor, pero dependiendo de las circunstancias de su accidente, podr\u00edan ser varias partes.<\/li>\n<li><strong>Localice todas las p\u00f3lizas de seguro que brinden cobertura<\/strong>\u00a0aplicable a su accidente y lesi\u00f3n, ya sea de propiedad de la parte responsable o de usted.<\/li>\n<li><strong>Obtenga sus registros m\u00e9dicos\u00a0<\/strong><strong>y haga<\/strong>\u00a0que expertos los revisen para determinar el alcance total de sus lesiones por accidente automovil\u00edstico y su pron\u00f3stico de recuperaci\u00f3n.<\/li>\n<li><strong>Tenga en cuenta todos sus costos y p\u00e9rdidas pasados, presentes y proyectados<\/strong>\u00a0causados\u00a0<wbr \/><wbr \/>por el accidente automovil\u00edstico.\u00a0Especialmente si ha sufrido lesiones incapacitantes, trabajaremos con consultores m\u00e9dicos, vocacionales y econ\u00f3micos, seg\u00fan sea necesario, para determinar sus posibles necesidades m\u00e9dicas y\/o de atenci\u00f3n en los pr\u00f3ximos a\u00f1os y c\u00f3mo sus lesiones le afectar\u00e1n en t\u00e9rminos de disminuci\u00f3n de su capacidad de ingresos.<\/li>\n<li><strong>Presente reclamos con las aseguradoras apropiadas<\/strong>\u00a0y negocie para obtener acuerdos completos y oportunos por el accidente automovil\u00edstico.<\/li>\n<li><strong>Presente demandas por accidentes automovil\u00edsticos para buscar compensaci\u00f3n<\/strong>\u00a0de las partes culpables cuando no se pueda llegar a un acuerdo.\u00a0Tenga en cuenta que, aunque las demandas pueden nombrar a personas individuales, casi todo el dinero recuperado en dichas demandas se paga a trav\u00e9s del seguro.<\/li>\n<li><strong>Luchar agresivamente por acuerdos justos y completos<\/strong>\u00a0, incluso a medida que avanza el proceso de la demanda.\u00a0Una vez que se presenta una demanda, la informaci\u00f3n obtenida de las partes contrarias durante el \u201cdescubrimiento\u201d a menudo hace que las negociaciones para llegar a un acuerdo sean m\u00e1s fruct\u00edferas a medida que la evidencia comienza a mostrar lo que realmente sucedi\u00f3 y por qu\u00e9.<\/li>\n<li><strong>Presentar un caso s\u00f3lido y completo ante el tribunal,<\/strong>\u00a0si es necesario.\u00a0La mayor\u00eda de los reclamos por accidentes automovil\u00edsticos se pueden resolver fuera de los tribunales, pero si eso no es posible, nuestros abogados estar\u00e1n bien preparados para llevar su caso ante un juez y un jurado.<\/li>\n<\/ul>\n<p>Es posible que ya haya recibido una llamada de un tasador de seguros que trabaja en su reclamo por accidente automovil\u00edstico.\u00a0Es fundamental que se niegue a dar una declaraci\u00f3n grabada, firmar cualquier documento o aceptar cualquier pago de una compa\u00f1\u00eda de seguros a menos que lo haga con el consejo de un abogado con experiencia en accidentes automovil\u00edsticos en Oklahoma.\u00a0Podr\u00eda estar renunciando a su derecho a recibir la compensaci\u00f3n completa a la que tiene derecho.<\/p>\n<p><strong>Los ajustadores de seguros no pueden saber el costo real de una lesi\u00f3n grave por accidente automovil\u00edstico en los d\u00edas y semanas posteriores al evento.\u00a0<\/strong>Ofrecen pagos bajos basados\u00a0<wbr \/><wbr \/>en acuerdos anteriores por reclamaciones similares a la suya y de acuerdo con su modelo de negocio centrado en las ganancias.<\/p>\n<p><strong>Nuestros abogados expertos en lesiones personales pueden ayudarlo a determinar lo que realmente necesita para recuperarse.\u00a0<\/strong>Deber\u00eda estar completamente recuperado financieramente al final de su reclamo por accidente automovil\u00edstico, sin deudas atribuibles al accidente y, si ha quedado discapacitado, sin preocuparse sobre c\u00f3mo se mantendr\u00e1 en el futuro.\u00a0Por eso luchamos.<\/p>\n<p>Cont\u00e1ctenos hoy\u00a0para programar una consulta gratuita y perm\u00edtanos revisar su caso y cualquier oferta de compensaci\u00f3n que haya hecho la aseguradora.\u00a0Si es apropiado y justo para usted, se lo diremos.\u00a0Si no es as\u00ed, discutiremos sus opciones en el futuro.<\/p>\n<h2>\u00bfCu\u00e1nto vale su caso de accidente automovil\u00edstico?<\/h2>\n<p>Esta es una de las preguntas m\u00e1s comunes que hace la gente cuando se re\u00fane con nuestros <a href=\"https:\/\/cainlaw-okc.com\/es\/\">abogados de lesiones personales<\/a>.\u00a0La respuesta depender\u00e1 de la gravedad de sus lesiones y de sus perspectivas de recuperaci\u00f3n a largo plazo.\u00a0Algunos de los tipos de compensaci\u00f3n que probablemente buscaremos en su reclamo por accidente automovil\u00edstico incluyen:<\/p>\n<ul>\n<li>Pago de facturas m\u00e9dicas, citas m\u00e9dicas de seguimiento, gastos de rehabilitaci\u00f3n y medicamentos.<\/li>\n<li>Costos estimados para futuros tratamientos m\u00e9dicos que pueda necesitar.<\/li>\n<li>Compensaci\u00f3n por los ingresos que has perdido si has tenido que faltar al trabajo.<\/li>\n<li>Costos estimados para una reducci\u00f3n en su capacidad de ingresos si se ve obligado a aceptar un trabajo peor remunerado debido a sus lesiones.<\/li>\n<li>Pago por da\u00f1os a la propiedad, incluidas reparaciones, p\u00e9rdida total, p\u00e9rdida de uso y disminuci\u00f3n de valor.<\/li>\n<li>Compensaci\u00f3n por el dolor y sufrimiento que ha soportado debido a sus lesiones.<\/li>\n<\/ul>\n<p>En casos de conducta gravemente negligente, tambi\u00e9n podr\u00e1 recibir da\u00f1os punitivos como medio para castigar al responsable.<\/p>\n<p><strong>Programe una consulta gratuita con nuestros abogados especializados en accidentes automovil\u00edsticos de OKC<\/strong>\u00a0hoy para descubrir qu\u00e9 tipo de compensaci\u00f3n puede tener derecho a recibir.<\/p>\n<h2>Qu\u00e9 esperar cuando asumimos su caso de accidente automovil\u00edstico<\/h2>\n<p>Despu\u00e9s de un accidente automovil\u00edstico grave, sabemos que la carga de la recuperaci\u00f3n f\u00edsica y financiera pesa mucho en la mente de nuestros clientes.\u00a0Por eso intentamos aliviarle la mayor presi\u00f3n posible.\u00a0Todo nuestro bufete de abogados est\u00e1 involucrado en los casos de nuestros clientes para garantizar que usted tenga el mejor apoyo posible mientras atraviesa este momento dif\u00edcil.<\/p>\n<p>Una vez que se comunique con Cain Law, nosotros:<\/p>\n<ul>\n<li><strong>Concertar una cita para una consulta legal inicial gratuita.<\/strong>\u00a0Esta reuni\u00f3n no tiene costo alguno y no implica ning\u00fan compromiso futuro de su parte. Podemos reunirnos en nuestra oficina del suroeste de Oklahoma City o Edmond, o en su hogar, habitaci\u00f3n de hospital, oficina o cualquier otro lugar que prefiera.<\/li>\n<li><strong>Aceptar su caso con base en honorarios de contingencia.<\/strong>\u00a0Esto significa que nosotros cubriremos todos los costos iniciales de investigaci\u00f3n de su caso y presentaci\u00f3n de reclamos, y no se le cobrar\u00e1 ni un centavo a menos que obtengamos dinero para usted. Luego aceptaremos un porcentaje acordado de cualquier acuerdo o indemnizaci\u00f3n que obtengamos. Si no ganamos, usted no paga nada. Esto lo protege a usted y nos motiva a ganar.<\/li>\n<li><strong>Presentar toda la correspondencia y documentaci\u00f3n necesarias<\/strong>\u00a0para iniciar los reclamos de seguros, y buscar evidencia, como informes policiales, llamadas al 911, testimonios de testigos, registros m\u00e9dicos, recibos m\u00e9dicos, etc.<\/li>\n<li><strong>Responder de manera pronta a sus preguntas e inquietudes,<\/strong>\u00a0incluyendo contestar sus llamadas y responder a sus correos electr\u00f3nicos de manera oportuna, incluso por la noche y los fines de semana.<\/li>\n<li><strong>Asegurarse de que tenga la asistencia adicional que necesite<\/strong>\u00a0proporcion\u00e1ndole referencias para recibir atenci\u00f3n m\u00e9dica general o especializada, reparaci\u00f3n de autos, asesoramiento en rehabilitaci\u00f3n vocacional, etc.<\/li>\n<li><strong>Mantenerlo informado sobre el progreso de su reclamo.<\/strong>\u00a0Le presentaremos todas las ofertas de acuerdo junto con nuestro asesoramiento, pero todas las decisiones ser\u00e1n suyas. Si debemos ir a juicio, nos aseguraremos de que comprenda c\u00f3mo proceder\u00e1 el juicio y qu\u00e9 papel podr\u00eda desempe\u00f1ar.<\/li>\n<li><strong>Servir como intermediarios entre usted y las aseguradoras, acreedores y otras partes<\/strong>\u00a0a medida que su reclamo avanza. Una vez que aceptemos su caso, somos sus representantes legales y defensores. En todos los asuntos relacionados con su accidente, lesiones y recuperaci\u00f3n, esperamos que nos consulte a nosotros, sus abogados.<\/li>\n<\/ul>\n","protected":false},"excerpt":{"rendered":"<p>Luchando por la compensaci\u00f3n que necesita \u2500 Tanto ahora como en el futuro Si usted ha resultado leasionado en un accidente de auto, probablemente est\u00e9 descubriendo que la recuperaci\u00f3n implica m\u00e1s que simplemente recibir ayuda m\u00e9dica. Entendemos, adem\u00e1s, que enfrenta crecientes facturas m\u00e9dicas, costos para reparar o reemplazar su veh\u00edculo, e incertidumbre acerca de cu\u00e1ndo&#8230;<\/p>\n","protected":false},"author":70,"featured_media":104244,"parent":0,"menu_order":58,"comment_status":"closed","ping_status":"closed","template":"practice-area.php","meta":{"_acf_changed":false,"footnotes":"","_elementor_data":""},"class_list":["post-103622","page","type-page","status-publish","has-post-thumbnail","hentry"],"acf":[],"page_builder_type":"classic","gutenberg_data":[],"yoast_head":"<!-- This site is optimized with the Yoast SEO plugin v27.0 - https:\/\/yoast.com\/product\/yoast-seo-wordpress\/ -->\n<title>Abogados de accidentes de auto en Oklahoma City | Cain Law<\/title>\n<meta name=\"description\" content=\"Nuestros abogados de accidentes de auto pueden reunirse con usted para comenzar a desarrollar un caso s\u00f3lido y buscar una compensaci\u00f3n completa y justa.\" \/>\n<meta name=\"robots\" content=\"index, follow, max-snippet:-1, max-image-preview:large, max-video-preview:-1\" \/>\n<link rel=\"canonical\" href=\"https:\/\/cainlaw-okc.com\/es\/abogados-de-accidentes-de-auto-en-oklahoma-city\/\" \/>\n<meta property=\"og:locale\" content=\"es_ES\" \/>\n<meta property=\"og:type\" content=\"article\" \/>\n<meta property=\"og:title\" content=\"Abogados de accidentes de auto en Oklahoma City | Cain Law\" \/>\n<meta property=\"og:description\" content=\"Nuestros abogados de accidentes de auto pueden reunirse con usted para comenzar a desarrollar un caso s\u00f3lido y buscar una compensaci\u00f3n completa y justa.\" \/>\n<meta property=\"og:url\" content=\"https:\/\/cainlaw-okc.com\/es\/abogados-de-accidentes-de-auto-en-oklahoma-city\/\" \/>\n<meta property=\"og:site_name\" content=\"Cain Law\" \/>\n<meta property=\"article:publisher\" content=\"https:\/\/www.facebook.com\/CainLawOffice\/\" \/>\n<meta property=\"article:modified_time\" content=\"2025-06-03T07:35:14+00:00\" \/>\n<meta property=\"og:image\" content=\"https:\/\/cainlaw-okc.com\/wp-content\/uploads\/2025\/05\/car-accident-lawyers.jpg\" \/>\n\t<meta property=\"og:image:width\" content=\"825\" \/>\n\t<meta property=\"og:image:height\" content=\"250\" \/>\n\t<meta property=\"og:image:type\" content=\"image\/jpeg\" \/>\n<meta name=\"twitter:card\" content=\"summary_large_image\" \/>\n<meta name=\"twitter:site\" content=\"@cainlaw_\" \/>\n<meta name=\"twitter:label1\" content=\"Tiempo de lectura\" \/>\n\t<meta name=\"twitter:data1\" content=\"7 minutos\" \/>\n<!-- \/ Yoast SEO plugin. -->","yoast_head_json":{"title":"Abogados de accidentes de auto en Oklahoma City | Cain Law","description":"Nuestros abogados de accidentes de auto pueden reunirse con usted para comenzar a desarrollar un caso s\u00f3lido y buscar una compensaci\u00f3n completa y justa.","robots":{"index":"index","follow":"follow","max-snippet":"max-snippet:-1","max-image-preview":"max-image-preview:large","max-video-preview":"max-video-preview:-1"},"canonical":"https:\/\/cainlaw-okc.com\/es\/abogados-de-accidentes-de-auto-en-oklahoma-city\/","og_locale":"es_ES","og_type":"article","og_title":"Abogados de accidentes de auto en Oklahoma City | Cain Law","og_description":"Nuestros abogados de accidentes de auto pueden reunirse con usted para comenzar a desarrollar un caso s\u00f3lido y buscar una compensaci\u00f3n completa y justa.","og_url":"https:\/\/cainlaw-okc.com\/es\/abogados-de-accidentes-de-auto-en-oklahoma-city\/","og_site_name":"Cain Law","article_publisher":"https:\/\/www.facebook.com\/CainLawOffice\/","article_modified_time":"2025-06-03T07:35:14+00:00","og_image":[{"width":825,"height":250,"url":"https:\/\/cainlaw-okc.com\/wp-content\/uploads\/2025\/05\/car-accident-lawyers.jpg","type":"image\/jpeg"}],"twitter_card":"summary_large_image","twitter_site":"@cainlaw_","twitter_misc":{"Tiempo de lectura":"7 minutos"},"schema":{"@context":"https:\/\/schema.org","@graph":[{"@type":"WebPage","@id":"https:\/\/cainlaw-okc.com\/es\/abogados-de-accidentes-de-auto-en-oklahoma-city\/","url":"https:\/\/cainlaw-okc.com\/es\/abogados-de-accidentes-de-auto-en-oklahoma-city\/","name":"Abogados de accidentes de auto en Oklahoma City | Cain Law","isPartOf":{"@id":"https:\/\/cainlaw-okc.com\/es\/#website"},"primaryImageOfPage":{"@id":"https:\/\/cainlaw-okc.com\/es\/abogados-de-accidentes-de-auto-en-oklahoma-city\/#primaryimage"},"image":{"@id":"https:\/\/cainlaw-okc.com\/es\/abogados-de-accidentes-de-auto-en-oklahoma-city\/#primaryimage"},"thumbnailUrl":"https:\/\/cainlaw-okc.com\/wp-content\/uploads\/2025\/07\/Cain-PA-Image-1.png","datePublished":"2017-01-27T13:25:07+00:00","dateModified":"2025-06-03T07:35:14+00:00","description":"Nuestros abogados de accidentes de auto pueden reunirse con usted para comenzar a desarrollar un caso s\u00f3lido y buscar una compensaci\u00f3n completa y justa.","breadcrumb":{"@id":"https:\/\/cainlaw-okc.com\/es\/abogados-de-accidentes-de-auto-en-oklahoma-city\/#breadcrumb"},"inLanguage":"es","potentialAction":[{"@type":"ReadAction","target":["https:\/\/cainlaw-okc.com\/es\/abogados-de-accidentes-de-auto-en-oklahoma-city\/"]}]},{"@type":"ImageObject","inLanguage":"es","@id":"https:\/\/cainlaw-okc.com\/es\/abogados-de-accidentes-de-auto-en-oklahoma-city\/#primaryimage","url":"https:\/\/cainlaw-okc.com\/wp-content\/uploads\/2025\/07\/Cain-PA-Image-1.png","contentUrl":"https:\/\/cainlaw-okc.com\/wp-content\/uploads\/2025\/07\/Cain-PA-Image-1.png","width":825,"height":250,"caption":"branded image with background of two blue cars in an accident"},{"@type":"BreadcrumbList","@id":"https:\/\/cainlaw-okc.com\/es\/abogados-de-accidentes-de-auto-en-oklahoma-city\/#breadcrumb","itemListElement":[{"@type":"ListItem","position":1,"name":"Inicio","item":"https:\/\/cainlaw-okc.com\/es\/"},{"@type":"ListItem","position":2,"name":"Accidente de Auto"}]},{"@type":"WebSite","@id":"https:\/\/cainlaw-okc.com\/es\/#website","url":"https:\/\/cainlaw-okc.com\/es\/","name":"Cain Law","description":"","publisher":{"@id":"https:\/\/cainlaw-okc.com\/es\/#organization"},"potentialAction":[{"@type":"SearchAction","target":{"@type":"EntryPoint","urlTemplate":"https:\/\/cainlaw-okc.com\/es\/?s={search_term_string}"},"query-input":{"@type":"PropertyValueSpecification","valueRequired":true,"valueName":"search_term_string"}}],"inLanguage":"es"},{"@type":["Organization","Place"],"@id":"https:\/\/cainlaw-okc.com\/es\/#organization","name":"Cain Law","url":"https:\/\/cainlaw-okc.com\/es\/","logo":{"@type":"ImageObject","inLanguage":"es","@id":"https:\/\/cainlaw-okc.com\/es\/#\/schema\/logo\/image\/","url":"https:\/\/cainlaw-okc.com\/wp-content\/uploads\/2017\/01\/cain-law-injury-lawyers-logo.png","contentUrl":"https:\/\/cainlaw-okc.com\/wp-content\/uploads\/2017\/01\/cain-law-injury-lawyers-logo.png","width":316,"height":115,"caption":"Cain Law"},"image":{"@id":"https:\/\/cainlaw-okc.com\/es\/#\/schema\/logo\/image\/"},"sameAs":["https:\/\/www.facebook.com\/CainLawOffice\/","https:\/\/x.com\/cainlaw_","https:\/\/www.youtube.com\/@CainLawOffice\/videos","https:\/\/www.instagram.com\/cainlawokc","https:\/\/www.linkedin.com\/company\/cain-law-office\/"],"mainEntityOfPage":{"@id":"https:\/\/cainlaw-okc.com\/es\/abogados-de-accidentes-de-auto-en-oklahoma-city\/"}}]}},"_links":{"self":[{"href":"https:\/\/cainlaw-okc.com\/es\/wp-json\/wp\/v2\/pages\/103622","targetHints":{"allow":["GET"]}}],"collection":[{"href":"https:\/\/cainlaw-okc.com\/es\/wp-json\/wp\/v2\/pages"}],"about":[{"href":"https:\/\/cainlaw-okc.com\/es\/wp-json\/wp\/v2\/types\/page"}],"author":[{"embeddable":true,"href":"https:\/\/cainlaw-okc.com\/es\/wp-json\/wp\/v2\/users\/70"}],"replies":[{"embeddable":true,"href":"https:\/\/cainlaw-okc.com\/es\/wp-json\/wp\/v2\/comments?post=103622"}],"version-history":[{"count":0,"href":"https:\/\/cainlaw-okc.com\/es\/wp-json\/wp\/v2\/pages\/103622\/revisions"}],"wp:featuredmedia":[{"embeddable":true,"href":"https:\/\/cainlaw-okc.com\/es\/wp-json\/wp\/v2\/media\/104244"}],"wp:attachment":[{"href":"https:\/\/cainlaw-okc.com\/es\/wp-json\/wp\/v2\/media?parent=103622"}],"curies":[{"name":"wp","href":"https:\/\/api.w.org\/{rel}","templated":true}]}}