{"id":103621,"date":"2017-01-27T13:25:43","date_gmt":"2017-01-27T13:25:43","guid":{"rendered":"https:\/\/cainlaw-okc.com\/?page_id=103621"},"modified":"2025-06-03T07:31:22","modified_gmt":"2025-06-03T07:31:22","slug":"abogados-de-lesiones-personales-en-oklahoma-city","status":"publish","type":"page","link":"https:\/\/cainlaw-okc.com\/es\/abogados-de-lesiones-personales-en-oklahoma-city\/","title":{"rendered":"Lesion Personales"},"content":{"rendered":"<p>Usted no deber\u00eda ser quien pague despu\u00e9s de haber sido herido en un accidente que fue causado por la negligencia o el comportamiento imprudente de otra persona. Aunque no pueda retroceder el tiempo para borrar el dolor y el sufrimiento que est\u00e1 experimentando, podr\u00eda lograr liberarse de las cargas financieras causadas por su lesi\u00f3n.\u00a0<strong>Los abogados de lesiones personales en Oklahoma City<\/strong>\u00a0de la Oficina Legal Cain pueden ayudarle.<\/p>\n<p>Durante m\u00e1s de dos d\u00e9cadas, nuestro dedicado equipo legal ha luchado exitosamente por los derechos de las v\u00edctimas en casos que involucran accidentes automovil\u00edsticos, choques de camiones, lesiones por resbalones y ca\u00eddas, accidentes laborales y otros reclamos por lesiones personales.<\/p>\n<p><strong>Nuestro fundador,\u00a0<a href=\"https:\/\/cainlaw-okc.com\/attorneys\/monty-l-cain\/\">Monty Cain<\/a>, ha ganado millones de d\u00f3lares para nuestros clientes merecedores, y sus habilidades le han valido el reconocimiento en el Million Dollar Advocates Forum y entre la National Association of Top 100 Trial Lawyers.<\/strong><\/p>\n<p>No espere otro d\u00eda para obtener la ayuda legal que usted necesita. Nuestros compasivos abogados de lesiones personales investigar\u00e1n minuciosamente su caso y evaluar\u00e1n el verdadero alcance de sus p\u00e9rdidas. Nuestro objetivo es determinar cu\u00e1l deber\u00eda ser la m\u00e1xima compensaci\u00f3n en su caso, para luego luchar incansablemente por el dinero que usted merece.<\/p>\n<p>Agende una consulta gratuita hoy mismo para comenzar con su caso de lesiones personales.\u00a0<strong>No cobramos ninguna tarifa por adelantado, y usted no nos pagar\u00e1 a menos que aseguremos una compensaci\u00f3n para usted.<\/strong><\/p>\n<h2>Por qu\u00e9 usted necesita un abogado de lesiones personales despu\u00e9s de un accidente<\/h2>\n<p>No es inusual recibir pronto una llamada de un ajustador de una aseguradora despu\u00e9s de un accidente que ha causado lesiones graves u otras p\u00e9rdidas. Sin embargo, los ajustadores de seguros generalmente ofrecen acuerdos bajos que se basan en pagos anteriores, no en sus p\u00e9rdidas econ\u00f3micas o no econ\u00f3micas personales.<\/p>\n<p><strong>Tenga cuidado: las aseguradoras no est\u00e1n en el negocio de compensarlo por el verdadero alcance de sus p\u00e9rdidas.<\/strong>\u00a0De hecho, un ajustador de seguros est\u00e1 obligado a proteger el balance de la compa\u00f1\u00eda pagando lo menos posible por reclamos de accidentes.<\/p>\n<p><strong>Es por eso que nunca debe dar una declaraci\u00f3n, firmar nada o aceptar ning\u00fan pago de una aseguradora<\/strong>\u00a0despu\u00e9s de un accidente grave, a menos que haya hablado con un experimentado abogado de lesiones personales en Oklahoma. Podr\u00eda estar renunciando a sus derechos a la compensaci\u00f3n completa que necesita y merece.<\/p>\n<p>Cuando usted elige nuestro bufete de abogados para representarlo, nuestro experimentado equipo legal realizar\u00e1 lo siguiente:<\/p>\n<ul>\n<li><strong>Investigar\u00e1 su accidente<\/strong>\u00a0para identificar qui\u00e9n es legalmente responsable y la gravedad de sus lesiones. Dependiendo de las circunstancias de su accidente, puede haber varias partes que deben ser consideradas responsables.<\/li>\n<li><strong>Identificar\u00e1 todas las p\u00f3lizas<\/strong>\u00a0de seguro que las partes responsables tienen, con cobertura aplicable a su accidente y lesiones. Tambi\u00e9n examinaremos el seguro que usted tiene para determinar si debe recibir compensaci\u00f3n.<\/li>\n<li><strong>Calcular\u00e1 su p\u00e9rdida econ\u00f3mica<\/strong>\u00a0total a ra\u00edz del accidente. Especialmente si ha quedado discapacitado o requerir\u00e1 tratamientos m\u00e9dicos futuros, o si no podr\u00e1 regresar al trabajo, consultaremos con expertos para determinar sus necesidades y costos futuros.<\/li>\n<li><strong>Consultar\u00e1 con usted, su familia, conocidos, etc.,<\/strong>\u00a0para determinar el impacto personal de sus lesiones (para construir un argumento para los da\u00f1os no econ\u00f3micos).<\/li>\n<li><strong>Garantizar\u00e1 que usted tenga la asistencia y apoyo adicional que necesita,<\/strong>\u00a0proporcionando referencias para atenci\u00f3n m\u00e9dica general o especializada, recuperando su autom\u00f3vil y\/u otros bienes personales si no ha podido hacerlo, y notificando a sus acreedores y otros sobre su accidente y estado.<\/li>\n<li><strong>Estar\u00e1 disponible para responder a cualquier pregunta que tenga<\/strong>\u00a0sobre el estado de su caso, y responder\u00e1 prontamente a sus llamadas y correos electr\u00f3nicos, incluso en la noche y los fines de semana.<\/li>\n<li><strong>Negociar\u00e1 agresivamente con las aseguradoras<\/strong>\u00a0en busca de la m\u00e1xima compensaci\u00f3n que usted merece.<\/li>\n<li><strong>Presentar\u00e1 una demanda por lesiones personales<\/strong>\u00a0para exigir una compensaci\u00f3n adecuada si la parte culpable se niega a llegar a un acuerdo razonable.<\/li>\n<li><strong>Presentar\u00e1 un caso s\u00f3lido y persuasivo en la corte<\/strong>, si es necesario. Sin embargo, nuestros abogados a menudo pueden negociar acuerdos s\u00f3lidos incluso despu\u00e9s de presentar una demanda.<\/li>\n<\/ul>\n<p><strong>En Cain Law, creemos que el pago de seguro que usted reciba despu\u00e9s de una lesi\u00f3n grave deber\u00eda permitirle recuperar su estabilidad financiera.<\/strong>\u00a0No deber\u00eda quedar en deuda persistente a causa de su accidente, y si ahora est\u00e1 sufriendo una discapacidad, no deber\u00eda preocuparse por c\u00f3mo se mantendr\u00e1 a usted mismo y\/o a su familia en el futuro.<\/p>\n<p>Agende una consulta gratuita ahora mismo para conocer lo que nuestros abogados de lesiones personales pueden hacer por usted.<\/p>\n<h2>Compensaci\u00f3n en casos de lesiones personales en Oklahoma<\/h2>\n<p>Determinar cu\u00e1nto ha afectado realmente un accidente su situaci\u00f3n financiera, y c\u00f3mo continuar\u00e1 afect\u00e1ndola, es crucial en un reclamo por lesiones personales. Nuestros abogados van m\u00e1s all\u00e1 para documentar minuciosamente sus da\u00f1os y elaborar un s\u00f3lido caso de compensaci\u00f3n que incluye:<\/p>\n<ul>\n<li>Da\u00f1os econ\u00f3micos (reembolso por gastos o facturas pendientes):\n<ul>\n<li>Gastos m\u00e9dicos, tanto actuales como futuros.<\/li>\n<li>Da\u00f1os a la propiedad personal, por ejemplo, reparaci\u00f3n o reemplazo del autom\u00f3vil.<\/li>\n<li>P\u00e9rdida de ingresos, incluyendo p\u00e9rdidas futuras proyectadas.<\/li>\n<\/ul>\n<\/li>\n<li>Da\u00f1os no econ\u00f3micos (pago por p\u00e9rdidas intangibles):\n<ul>\n<li>Dolor f\u00edsico y sufrimiento.<\/li>\n<li>Angustia emocional.<\/li>\n<li>P\u00e9rdida de consorcio (por la muerte o discapacidad del c\u00f3nyuge).<\/li>\n<\/ul>\n<\/li>\n<\/ul>\n<p>Los da\u00f1os econ\u00f3micos se pagan de acuerdo con un registro de los costos pasados, actuales y proyectados relacionados con su accidente y lesiones. Los da\u00f1os no econ\u00f3micos son determinados por un jurado (o en un acuerdo negociado) bas\u00e1ndose en evidencia del efecto del accidente en usted y su estilo de vida.<\/p>\n<p><strong>El Estado de Oklahoma establece un l\u00edmite de $350,000 para los da\u00f1os no econ\u00f3micos en la mayor\u00eda de los casos de lesiones personales.<\/strong>\u00a0Sin embargo, en casos en los que la parte culpable ha mostrado un desprecio temerario por los dem\u00e1s o ha actuado intencionalmente y con malicia hacia otros, un jurado puede levantar el l\u00edmite y otorgar da\u00f1os punitivos por encima del l\u00edmite de los da\u00f1os no econ\u00f3micos.<\/p>\n<h2>\u00bfC\u00f3mo se determina la responsabilidad en casos de lesiones personales?<\/h2>\n<p>En Oklahoma se considera la \u201cculpa compartida\u201d, o lo que se llama legalmente \u201cculpa comparativa modificada\u201d, en casos de lesiones personales. Bajo esta regla, la compensaci\u00f3n que una persona lesionada recibe puede reducirse seg\u00fan la cantidad de culpa que comparta por el accidente. Por ejemplo, si estaba conduciendo a alta velocidad en el momento de un accidente de auto o si estaba mirando su tel\u00e9fono y enviando mensajes de texto cuando resbal\u00f3 y cay\u00f3 en l\u00edquido derramado en una tienda de comestibles, es probable que comparta la culpa por el accidente.<\/p>\n<p>Si un jurado determina que usted tiene un 30% de responsabilidad en un accidente, por ejemplo, el monto de compensaci\u00f3n que hubiera otorgado se reducir\u00e1 en un 30 por ciento. Por lo tanto, si el monto original otorgado por el jurado hubiera sido de $10,000, usted recibir\u00eda $7,000. Si su responsabilidad es mayor al 50 por ciento, no recibir\u00eda ninguna compensaci\u00f3n.<\/p>\n<p>En la Oficina Legal Cain, nuestros dedicados abogados de lesiones personales en Oklahoma trabajar\u00e1n para mitigar cualquier evidencia negativa en su contra y refutar cualquier afirmaci\u00f3n falsa realizada para disminuir el monto de la compensaci\u00f3n que usted tiene derecho a recibir.<\/p>\n<h2>\u00bfQu\u00e9 es un caso de lesiones personales?<\/h2>\n<p>El t\u00e9rmino \u201clesiones personales\u201d abarca una amplia gama de escenarios que involucran lesiones causadas por la negligencia de otra persona o empresa. Por lo general, en un caso de lesiones personales, usted est\u00e1 buscando compensaci\u00f3n de la aseguradora de la parte culpable. Dado que las aseguradoras cuentan con equipos de abogados que defienden agresivamente sus balances, es crucial que usted obtenga ayuda de un experimentado abogado de lesiones personales lo antes posible despu\u00e9s de un accidente.<\/p>\n<p>Nuestros abogados de accidentes altamente respetados han logrado exitosamente la m\u00e1xima compensaci\u00f3n en una amplia variedad de casos de lesiones personales, incluyendo:<\/p>\n<div class=\"row\">\n<ul class=\"col-xl-6\">\n<li><a href=\"https:\/\/cainlaw-okc.com\/es\/abogados-de-accidentes-de-auto-en-oklahoma-city\/\">Accidentes de auto<\/a><\/li>\n<li>Accidentes de camiones<\/li>\n<li>Accidentes de motocicleta<\/li>\n<li>Accidentes de bicicleta<\/li>\n<li>Accidentes peatonales<\/li>\n<li>Accidentes por resbalones y ca\u00eddas (Casos de responsabilidad civil)<\/li>\n<\/ul>\n<ul class=\"col-xl-6\">\n<li>Compensaci\u00f3n laboral<\/li>\n<li>Negligencia y abuso en asilos<\/li>\n<li>Mala praxis m\u00e9dica<\/li>\n<li>Lesiones por productos defectuosos<\/li>\n<li>Lesiones por medicamentos y dispositivos m\u00e9dicos peligrosos<\/li>\n<li>Muerte injusta<\/li>\n<\/ul>\n<\/div>\n<p><strong>La mayor\u00eda de los reclamos por lesiones personales en Oklahoma deben presentarse dentro de los dos a\u00f1os desde la fecha de la lesi\u00f3n<\/strong>,\u00a0aunque diferentes tipos de casos tienen plazos diferentes. Debido a que desarrollar un caso puede ser complejo y llevar tiempo, es importante que usted contacte a un abogado de lesiones personales tan pronto como sea posible despu\u00e9s de un accidente para evitar restricciones de plazos de prescripci\u00f3n.<\/p>\n<p>En Cain Law, nuestro equipo de abogados puede reunirse con usted para una consulta gratuita y comenzar el trabajo inicial en su caso de inmediato.<\/p>\n","protected":false},"excerpt":{"rendered":"<p>Usted no deber\u00eda ser quien pague despu\u00e9s de haber sido herido en un accidente que fue causado por la negligencia o el comportamiento imprudente de otra persona. Aunque no pueda retroceder el tiempo para borrar el dolor y el sufrimiento que est\u00e1 experimentando, podr\u00eda lograr liberarse de las cargas financieras causadas por su lesi\u00f3n.\u00a0Los abogados&#8230;<\/p>\n","protected":false},"author":70,"featured_media":104249,"parent":0,"menu_order":50,"comment_status":"closed","ping_status":"closed","template":"practice-area.php","meta":{"_acf_changed":false,"footnotes":"","_elementor_data":""},"class_list":["post-103621","page","type-page","status-publish","has-post-thumbnail","hentry"],"acf":[],"page_builder_type":"classic","gutenberg_data":[],"yoast_head":"<!-- This site is optimized with the Yoast SEO plugin v27.0 - https:\/\/yoast.com\/product\/yoast-seo-wordpress\/ -->\n<title>Lesion Personales - Cain Law<\/title>\n<meta name=\"robots\" content=\"index, follow, max-snippet:-1, max-image-preview:large, max-video-preview:-1\" \/>\n<link rel=\"canonical\" href=\"https:\/\/cainlaw-okc.com\/es\/abogados-de-lesiones-personales-en-oklahoma-city\/\" \/>\n<meta property=\"og:locale\" content=\"es_ES\" \/>\n<meta property=\"og:type\" content=\"article\" \/>\n<meta property=\"og:title\" content=\"Lesion Personales - Cain Law\" \/>\n<meta property=\"og:description\" content=\"Usted no deber\u00eda ser quien pague despu\u00e9s de haber sido herido en un accidente que fue causado por la negligencia o el comportamiento imprudente de otra persona. Aunque no pueda retroceder el tiempo para borrar el dolor y el sufrimiento que est\u00e1 experimentando, podr\u00eda lograr liberarse de las cargas financieras causadas por su lesi\u00f3n.\u00a0Los abogados...\" \/>\n<meta property=\"og:url\" content=\"https:\/\/cainlaw-okc.com\/es\/abogados-de-lesiones-personales-en-oklahoma-city\/\" \/>\n<meta property=\"og:site_name\" content=\"Cain Law\" \/>\n<meta property=\"article:publisher\" content=\"https:\/\/www.facebook.com\/CainLawOffice\/\" \/>\n<meta property=\"article:modified_time\" content=\"2025-06-03T07:31:22+00:00\" \/>\n<meta property=\"og:image\" content=\"https:\/\/cainlaw-okc.com\/wp-content\/uploads\/2025\/05\/personal-injury-lawyers.jpg\" \/>\n\t<meta property=\"og:image:width\" content=\"825\" \/>\n\t<meta property=\"og:image:height\" content=\"250\" \/>\n\t<meta property=\"og:image:type\" content=\"image\/jpeg\" \/>\n<meta name=\"twitter:card\" content=\"summary_large_image\" \/>\n<meta name=\"twitter:site\" content=\"@cainlaw_\" \/>\n<meta name=\"twitter:label1\" content=\"Tiempo de lectura\" \/>\n\t<meta name=\"twitter:data1\" content=\"7 minutos\" \/>\n<!-- \/ Yoast SEO plugin. -->","yoast_head_json":{"title":"Lesion Personales - Cain Law","robots":{"index":"index","follow":"follow","max-snippet":"max-snippet:-1","max-image-preview":"max-image-preview:large","max-video-preview":"max-video-preview:-1"},"canonical":"https:\/\/cainlaw-okc.com\/es\/abogados-de-lesiones-personales-en-oklahoma-city\/","og_locale":"es_ES","og_type":"article","og_title":"Lesion Personales - Cain Law","og_description":"Usted no deber\u00eda ser quien pague despu\u00e9s de haber sido herido en un accidente que fue causado por la negligencia o el comportamiento imprudente de otra persona. Aunque no pueda retroceder el tiempo para borrar el dolor y el sufrimiento que est\u00e1 experimentando, podr\u00eda lograr liberarse de las cargas financieras causadas por su lesi\u00f3n.\u00a0Los abogados...","og_url":"https:\/\/cainlaw-okc.com\/es\/abogados-de-lesiones-personales-en-oklahoma-city\/","og_site_name":"Cain Law","article_publisher":"https:\/\/www.facebook.com\/CainLawOffice\/","article_modified_time":"2025-06-03T07:31:22+00:00","og_image":[{"width":825,"height":250,"url":"https:\/\/cainlaw-okc.com\/wp-content\/uploads\/2025\/05\/personal-injury-lawyers.jpg","type":"image\/jpeg"}],"twitter_card":"summary_large_image","twitter_site":"@cainlaw_","twitter_misc":{"Tiempo de lectura":"7 minutos"},"schema":{"@context":"https:\/\/schema.org","@graph":[{"@type":"WebPage","@id":"https:\/\/cainlaw-okc.com\/es\/abogados-de-lesiones-personales-en-oklahoma-city\/","url":"https:\/\/cainlaw-okc.com\/es\/abogados-de-lesiones-personales-en-oklahoma-city\/","name":"Lesion Personales - Cain Law","isPartOf":{"@id":"https:\/\/cainlaw-okc.com\/es\/#website"},"primaryImageOfPage":{"@id":"https:\/\/cainlaw-okc.com\/es\/abogados-de-lesiones-personales-en-oklahoma-city\/#primaryimage"},"image":{"@id":"https:\/\/cainlaw-okc.com\/es\/abogados-de-lesiones-personales-en-oklahoma-city\/#primaryimage"},"thumbnailUrl":"https:\/\/cainlaw-okc.com\/wp-content\/uploads\/2025\/07\/Cain-PA-Image-1-1.png","datePublished":"2017-01-27T13:25:43+00:00","dateModified":"2025-06-03T07:31:22+00:00","breadcrumb":{"@id":"https:\/\/cainlaw-okc.com\/es\/abogados-de-lesiones-personales-en-oklahoma-city\/#breadcrumb"},"inLanguage":"es","potentialAction":[{"@type":"ReadAction","target":["https:\/\/cainlaw-okc.com\/es\/abogados-de-lesiones-personales-en-oklahoma-city\/"]}]},{"@type":"ImageObject","inLanguage":"es","@id":"https:\/\/cainlaw-okc.com\/es\/abogados-de-lesiones-personales-en-oklahoma-city\/#primaryimage","url":"https:\/\/cainlaw-okc.com\/wp-content\/uploads\/2025\/07\/Cain-PA-Image-1-1.png","contentUrl":"https:\/\/cainlaw-okc.com\/wp-content\/uploads\/2025\/07\/Cain-PA-Image-1-1.png","width":825,"height":250,"caption":"branded image with background image of an individuals arm being wrapped in gauze"},{"@type":"BreadcrumbList","@id":"https:\/\/cainlaw-okc.com\/es\/abogados-de-lesiones-personales-en-oklahoma-city\/#breadcrumb","itemListElement":[{"@type":"ListItem","position":1,"name":"Inicio","item":"https:\/\/cainlaw-okc.com\/es\/"},{"@type":"ListItem","position":2,"name":"Lesion Personales"}]},{"@type":"WebSite","@id":"https:\/\/cainlaw-okc.com\/es\/#website","url":"https:\/\/cainlaw-okc.com\/es\/","name":"Cain Law","description":"","publisher":{"@id":"https:\/\/cainlaw-okc.com\/es\/#organization"},"potentialAction":[{"@type":"SearchAction","target":{"@type":"EntryPoint","urlTemplate":"https:\/\/cainlaw-okc.com\/es\/?s={search_term_string}"},"query-input":{"@type":"PropertyValueSpecification","valueRequired":true,"valueName":"search_term_string"}}],"inLanguage":"es"},{"@type":["Organization","Place"],"@id":"https:\/\/cainlaw-okc.com\/es\/#organization","name":"Cain Law","url":"https:\/\/cainlaw-okc.com\/es\/","logo":{"@type":"ImageObject","inLanguage":"es","@id":"https:\/\/cainlaw-okc.com\/es\/#\/schema\/logo\/image\/","url":"https:\/\/cainlaw-okc.com\/wp-content\/uploads\/2017\/01\/cain-law-injury-lawyers-logo.png","contentUrl":"https:\/\/cainlaw-okc.com\/wp-content\/uploads\/2017\/01\/cain-law-injury-lawyers-logo.png","width":316,"height":115,"caption":"Cain Law"},"image":{"@id":"https:\/\/cainlaw-okc.com\/es\/#\/schema\/logo\/image\/"},"sameAs":["https:\/\/www.facebook.com\/CainLawOffice\/","https:\/\/x.com\/cainlaw_","https:\/\/www.youtube.com\/@CainLawOffice\/videos","https:\/\/www.instagram.com\/cainlawokc","https:\/\/www.linkedin.com\/company\/cain-law-office\/"],"mainEntityOfPage":{"@id":"https:\/\/cainlaw-okc.com\/es\/abogados-de-lesiones-personales-en-oklahoma-city\/"}}]}},"_links":{"self":[{"href":"https:\/\/cainlaw-okc.com\/es\/wp-json\/wp\/v2\/pages\/103621","targetHints":{"allow":["GET"]}}],"collection":[{"href":"https:\/\/cainlaw-okc.com\/es\/wp-json\/wp\/v2\/pages"}],"about":[{"href":"https:\/\/cainlaw-okc.com\/es\/wp-json\/wp\/v2\/types\/page"}],"author":[{"embeddable":true,"href":"https:\/\/cainlaw-okc.com\/es\/wp-json\/wp\/v2\/users\/70"}],"replies":[{"embeddable":true,"href":"https:\/\/cainlaw-okc.com\/es\/wp-json\/wp\/v2\/comments?post=103621"}],"version-history":[{"count":0,"href":"https:\/\/cainlaw-okc.com\/es\/wp-json\/wp\/v2\/pages\/103621\/revisions"}],"wp:featuredmedia":[{"embeddable":true,"href":"https:\/\/cainlaw-okc.com\/es\/wp-json\/wp\/v2\/media\/104249"}],"wp:attachment":[{"href":"https:\/\/cainlaw-okc.com\/es\/wp-json\/wp\/v2\/media?parent=103621"}],"curies":[{"name":"wp","href":"https:\/\/api.w.org\/{rel}","templated":true}]}}