{"id":103620,"date":"2017-01-27T13:24:50","date_gmt":"2017-01-27T13:24:50","guid":{"rendered":"https:\/\/cainlaw-okc.com\/?page_id=103620"},"modified":"2025-06-09T04:11:51","modified_gmt":"2025-06-09T04:11:51","slug":"abogados-de-accidentes-de-camiones-en-oklahoma-city","status":"publish","type":"page","link":"https:\/\/cainlaw-okc.com\/es\/abogados-de-accidentes-de-camiones-en-oklahoma-city\/","title":{"rendered":"Accidente de Camiones"},"content":{"rendered":"<p>Las lesiones que usted como cliente sufre a ra\u00edz de choques que involucran tractocamiones u otros grandes\u00a0<strong>camiones de 18 ruedas,<\/strong>\u00a0a menudo le persiguen durante a\u00f1os. Aparte de los gastos m\u00e9dicos iniciales y el tiempo fuera del trabajo, las v\u00edctimas de colisiones con camiones de 18 ruedas pueden padecer un dolor persistente y ser incapaces de desempe\u00f1ar el trabajo que realizaban antes del choque. Para aumentar la tensi\u00f3n de la situaci\u00f3n, en muchas ocasiones el conductor del cami\u00f3n niega su responsabilidad en el accidente, lo que hace que usted se pueda sentir sin esperanzas ni \u00e1nimos.<\/p>\n<p>Los abogados especializados en accidentes de camiones en Oklahoma City de Cain Law est\u00e1n comprometidos a ayudarle a usted a obtener la m\u00e1xima compensaci\u00f3n despu\u00e9s de haber sufrido lesiones debido a una empresa de transporte de carga negligente o a un conductor. Podemos hablar sobre sus derechos legales y opciones durante una consulta gratuita y sin compromiso. Ll\u00e1menos o cont\u00e1ctenos en l\u00ednea para comenzar su camino hacia la recuperaci\u00f3n.<\/p>\n<h2>Acerca de nuestros abogados de accidentes de camiones en Oklahoma<\/h2>\n<p>En Cain Law, nuestros respetados abogados de colisiones de camiones en Oklahoma City cuentan con m\u00e1s de 25 a\u00f1os de experiencia en el manejo exitoso de estos dif\u00edciles casos. El fundador, <a href=\"https:\/\/cainlaw-okc.com\/attorneys\/monty-l-cain\/\">Monty Cain<\/a>, ha asegurado millones de d\u00f3lares para las v\u00edctimas de accidentes y sus familias, obteniendo reconocimiento en la<strong>\u00a0Asociaci\u00f3n Nacional de los 100 Mejores Abogados Litigantes<\/strong>\u00a0y en el Foro de Abogados del Mill\u00f3n de D\u00f3lares. Tambi\u00e9n ha recibido reconocimiento por parte de Expertise en su lista de los mejores abogados de accidentes de camiones en Oklahoma City. Adem\u00e1s, ha sido reconocido como uno de los\u00a0<strong>\u201cDiez Mejores Abogados de Accidentes de Camiones\u201d<\/strong>\u00a0por los Abogados Litigantes Nacionales.<\/p>\n<p><strong>Nuestros estimados clientes conf\u00edan en nuestro talentoso equipo legal debido a que:<\/strong><\/p>\n<ul>\n<li>Poseemos un amplio conocimiento de las estrictas regulaciones que rigen la industria del transporte de carga.<\/li>\n<li>Trabajamos r\u00e1pidamente para determinar qui\u00e9n debe ser considerado responsable y para preservar pruebas contra la parte culpable.<\/li>\n<li>Le ayudaremos a encontrar un proveedor de atenci\u00f3n m\u00e9dica si est\u00e1 teniendo dificultades para hallar uno.<\/li>\n<li>Colaboramos con una extensa red de expertos que evaluar\u00e1n sus lesiones y determinar\u00e1n c\u00f3mo le afectar\u00e1n en el futuro.<\/li>\n<li>Lucharemos en\u00e9rgicamente por la compensaci\u00f3n completa y justa que usted merece.<\/li>\n<li>Desde el primer encuentro con nuestro abogado de accidentes de camiones en Oklahoma City, usted notar\u00e1 que estamos sinceramente preocupados por usted y su familia. Nuestro equipo comenzar\u00e1 a trabajar en su caso de inmediato, y mantendremos un contacto regular para discutir el progreso de su reclamo. Programe ahora una consulta gratuita y perm\u00edtanos aliviar un poco de la tensi\u00f3n que siente.<\/li>\n<\/ul>\n<h2>Qu\u00e9 hacer despu\u00e9s de un accidente de cami\u00f3n<\/h2>\n<p>Si usted se ve involucrado en un accidente de cami\u00f3n en Oklahoma City, es importante que intente mantener la calma. Solicite asistencia m\u00e9dica si usted o sus pasajeros resultan heridos. Luego, siga los siguientes pasos para proteger su reclamo:<\/p>\n<ul>\n<li><strong>Siga las indicaciones del m\u00e9dico<\/strong>. Cumpla con todas las indicaciones de su m\u00e9dico para su cuidado, incluyendo cualquier instrucci\u00f3n relacionada con actividades laborales y de ocio.<\/li>\n<li><strong>Tome fotograf\u00edas.<\/strong>\u00a0Capture im\u00e1genes de los veh\u00edculos y las marcas de derrape.<\/li>\n<li><strong>Obtenga informaci\u00f3n de contacto.<\/strong>\u00a0Solicite a los testigos sus nombres y datos de contacto.<\/li>\n<li><strong>Preserve las pruebas.<\/strong>\u00a0Guarde en un lugar seguro todas las fotos o videos que haya tomado del accidente.<\/li>\n<li><strong>Mantenga registros.<\/strong>\u00a0A lo largo del proceso de su reclamo por accidente de cami\u00f3n, es probable que acumule numerosos registros, como historiales m\u00e9dicos, facturas m\u00e9dicas, recibos de sueldo, estimaciones de reparaciones y estados de beneficios. Mantenga toda la documentaci\u00f3n y pruebas de sus lesiones y los costos financieros asociados a ellas.<\/li>\n<li><strong>Lleve un diario de las ocasiones en las que siente dolor.<\/strong>\u00a0Usted tiene el derecho de buscar compensaci\u00f3n por el dolor y sufrimiento que experimente tras un accidente de lesiones personales. Sin embargo, a veces puede ser dif\u00edcil probar estos da\u00f1os posteriormente. Al mantener un diario contempor\u00e1neo del dolor, puede documentar c\u00f3mo sus lesiones afectan su vida.<\/li>\n<li><strong>Contacte a un abogado experimentado en accidentes de camiones.<\/strong>\u00a0Usted no deber\u00eda pasar por esto solo. Comun\u00edquese con un abogado con experiencia en la b\u00fasqueda de reclamos por accidentes de camiones, quien lo guiar\u00e1 a trav\u00e9s del proceso.<\/li>\n<\/ul>\n<h2>Causas de los accidentes de camiones<\/h2>\n<p>Algunas de las causas m\u00e1s comunes de los choques de camiones en toda el \u00e1rea de Oklahoma City incluyen:<\/p>\n<h3>Conducir distra\u00eddo<\/h3>\n<p>La\u00a0<a href=\"https:\/\/www.nhtsa.gov\/risky-driving\/distracted-driving\" target=\"_blank\" rel=\"noopener\">Administraci\u00f3n Nacional de Seguridad del Tr\u00e1fico en Carreteras<\/a>\u00a0informa que durante un a\u00f1o reciente, 2,841 personas perdieron la vida en accidentes de tr\u00e1fico debido a la conducci\u00f3n distra\u00edda. El manejo de camiones implica horas de viaje a trav\u00e9s de largas distancias, a menudo con escasa distracci\u00f3n. Los conductores de camiones pueden recurrir a tel\u00e9fonos celulares, radios u otros dispositivos para pasar el tiempo. Sin embargo, esta decisi\u00f3n puede desencadenar un grave o fatal accidente de cami\u00f3n.<\/p>\n<h3>Fatiga del conductor<\/h3>\n<p>Se espera que los conductores de camiones y las empresas cumplan con las normas de horas de servicio, las cuales fueron implementadas para proteger al p\u00fablico de conductores fatigados. Sin embargo, algunos de ellos deciden ignorar estas medidas de seguridad para priorizar el lucro.<\/p>\n<h3>Conducci\u00f3n bajo los efectos del alcohol o drogas<\/h3>\n<p>Los conductores de camiones podr\u00edan utilizar drogas para mantenerse despiertos o podr\u00edan tener problemas con el consumo de otras sustancias. Los conductores con una conducta alterada por sustancias representan un riesgo para todos los dem\u00e1s automovilistas, ya que les resulta m\u00e1s dif\u00edcil controlar el veh\u00edculo de manera segura mientras est\u00e1n bajo los influjos de drogas o alcohol.<\/p>\n<h3>Defectos mec\u00e1nicos<\/h3>\n<p>Frenos defectuosos, motores fallidos u otras piezas automotrices defectuosas pueden causar graves accidentes de tractocami\u00f3n si el fallo ocurre a altas velocidades o el conductor pierde el control del cami\u00f3n. Si su accidente de cami\u00f3n fue causado por defectos mec\u00e1nicos, usted podr\u00eda tener un reclamo contra el fabricante del cami\u00f3n o de las piezas.<\/p>\n<h3>Error del conductor<\/h3>\n<p>Conducir un cami\u00f3n grande que llega a pesar m\u00e1s de 80,000 libras puede ser complicado. Los conductores de camiones podr\u00edan cambiar bruscamente de carril, corregir en exceso, seguir muy de cerca a otro auto, no ceder el paso o cometer otros errores de conducci\u00f3n que causan graves accidentes de cami\u00f3n.<\/p>\n<h3>Problemas con la carga<\/h3>\n<p>Algunos camioneros transportan hasta 48,000 libras de carga. Si la carga se desplaza inesperadamente durante el transporte, el cami\u00f3n podr\u00eda volcarse o quedar en forma de \u201cV\u201d. Adem\u00e1s, los camiones que llevan combustible u otras sustancias peligrosas podr\u00edan derramarlas en la carretera, lo que representa un riesgo adicional.<\/p>\n<h3>Exceso de velocidad<\/h3>\n<p>En promedio,\u00a0<strong>a un cami\u00f3n de gran tama\u00f1o le lleva un 40% m\u00e1s de tiempo detenerse por completo que a un veh\u00edculo de pasajeros promedio<\/strong>. Si el conductor del cami\u00f3n est\u00e1 excediendo la velocidad, tomar\u00e1 a\u00fan m\u00e1s tiempo detenerse.<\/p>\n<h3>Congesti\u00f3n de tr\u00e1fico<\/h3>\n<p>Los conductores que est\u00e1n excediendo la velocidad podr\u00edan no ser capaces de detenerse a tiempo si de repente se encuentran con un embotellamiento de tr\u00e1fico. En otras ocasiones, podr\u00edan actuar de manera agresiva y provocar que otros veh\u00edculos salgan de la carretera o colisionen con otros autom\u00f3viles cuando se desv\u00edan para evitar el cami\u00f3n.<\/p>\n<h3>Condiciones del camino<\/h3>\n<p>Las condiciones peligrosas del camino, zonas de construcci\u00f3n y carreteras en mal estado a veces son responsables de los accidentes de camiones. Si estos factores contribuyeron a su accidente, podemos explorar todas las opciones para buscar una compensaci\u00f3n.<\/p>\n<h2>Tipos de accidentes de camiones<\/h2>\n<p>Algunos de los tipos de accidentes de camiones m\u00e1s comunes incluyen:<\/p>\n<h3>Desplazamiento de la carga<\/h3>\n<p>Los conductores de camiones recorren miles de millas cada a\u00f1o, transportando diversos tipos de mercanc\u00edas. Estos art\u00edculos pueden desplazarse durante el trayecto, lo que aumenta la probabilidad de un accidente. La carga que se desplaza durante el transporte puede provocar que el cami\u00f3n quede en forma de \u201cV\u201d o vuelque debido a que el peso no est\u00e1 distribuido correctamente. La carga que se suelta puede caer del cami\u00f3n y en el camino de un automovilista desprevenido. Existen regulaciones federales y estatales para proteger a los automovilistas. Estas regulaciones dictan aspectos como cu\u00e1nto peso puede llevar un cami\u00f3n y c\u00f3mo debe asegurarse la carga. Nuestro equipo puede investigar si la empresa de transporte de carga infringi\u00f3 estas normas y responsabilizarlos por su negligencia.<\/p>\n<h3>Colisiones frontales<\/h3>\n<p>Los conductores de camiones que no est\u00e1n prestando atenci\u00f3n, se quedan dormidos al volante o est\u00e1n bajo los efectos de drogas o alcohol pueden causar colisiones frontales mortales. Estos accidentes son particularmente peligrosos debido a que, a menudo, ocurren a altas velocidades y el conductor del veh\u00edculo de pasajeros no tiene manera de anticiparlos. Si usted result\u00f3 herido o perdi\u00f3 a un ser querido en una colisi\u00f3n frontal con un conductor de cami\u00f3n negligente, nosotros podemos ayudarle.<\/p>\n<h3>Colisiones traseras<\/h3>\n<p>Algunos conductores de camiones siguen demasiado cerca o intentan intimidar a los conductores de autom\u00f3viles m\u00e1s peque\u00f1os. Esto puede poner a los automovilistas en un riesgo adicional, ya que los camiones requieren m\u00e1s distancia para detenerse de manera segura.<\/p>\n<h2>Responsabilidad en los accidentes de camiones<\/h2>\n<p>Las operaciones de transporte de carga a menudo involucran a varias partes, todas las cuales pueden compartir alguna responsabilidad por los da\u00f1os que usted sufri\u00f3. Nuestros abogados especializados en accidentes de camiones de gran tama\u00f1o pueden explorar opciones para buscar una compensaci\u00f3n de todas las partes responsables, que pueden incluir:<\/p>\n<div class=\"row\">\n<ul class=\"col-xl-6\">\n<li>El conductor del cami\u00f3n<\/li>\n<li>La empresa de transporte de carga<\/li>\n<li>El propietario del cami\u00f3n<\/li>\n<\/ul>\n<ul class=\"col-xl-6\">\n<li>La empresa de carga<\/li>\n<li>Fabricantes de piezas o veh\u00edculos<\/li>\n<\/ul>\n<\/div>\n<p>Nuestros abogados llevar\u00e1n a cabo una investigaci\u00f3n exhaustiva para determinar qu\u00e9 partes contribuyeron a sus accidentes. Luego construiremos una defensa contundente en su contra. Estamos listos para comenzar con su caso de inmediato.<\/p>\n<h2>C\u00f3mo investigamos reclamos por accidentes de camiones en Oklahoma City<\/h2>\n<p>Los reclamos por colisiones de camiones suelen ser mucho m\u00e1s complicados que los choques que involucran dos autom\u00f3viles de pasajeros. Esto se debe a que las lesiones tienden a ser m\u00e1s graves y las empresas involucradas tienen recursos importantes para impugnar los reclamos. Es importante contar con un abogado de accidentes de camiones con experiencia a su lado, que haya investigado ampliamente estos tipos de casos y pueda evaluar la cantidad total de da\u00f1os que usted merece.<\/p>\n<p>Cuando nuestro equipo tome su caso, esto es lo que usted puede esperar:<\/p>\n<p><strong>Comenzaremos recolectando todas las pruebas relacionadas con su choque.<\/strong>\u00a0Esto incluye informes de accidentes de las autoridades, declaraciones de testigos, fotos y notas del lugar, registros del conductor del cami\u00f3n, datos de la caja negra, registros telef\u00f3nicos del conductor y registros de seguridad de todas las partes involucradas. Debemos actuar con rapidez para preservar y recolectar las pruebas, ya que las empresas de transporte de carga solo est\u00e1n obligadas a mantener la informaci\u00f3n que necesitaremos durante un corto per\u00edodo.<\/p>\n<p><strong>Identificaremos y perseguiremos a la parte responsable de compensarlo a usted.<\/strong>\u00a0En casos de accidentes de camiones, hay muchas partes diferentes que podr\u00edan ser consideradas responsables de su accidente. Podr\u00edamos buscar compensaci\u00f3n del conductor o del propietario del cami\u00f3n, la empresa de transporte de carga, el propietario o cargador de la mercanc\u00eda, la empresa responsable de la reparaci\u00f3n o mantenimiento del cami\u00f3n, o el fabricante o distribuidor de una pieza defectuosa. Estas partes podr\u00edan intentar evadir la responsabilidad, pero nuestros abogados dedicados en accidentes de camiones luchar\u00e1n para que usted recupere la compensaci\u00f3n m\u00e1xima.<\/p>\n<p><strong>Haremos un seguimiento de sus registros m\u00e9dicos y nos aseguraremos de que reciba el tratamiento adecuado.<\/strong>\u00a0Es posible que haya notado que su m\u00e9dico habitual no quiere estar involucrado en litigios. Si ese es el caso, podemos ayudarle a encontrar un m\u00e9dico que lo atienda. Tambi\u00e9n nos aseguraremos de que sus lesiones sean documentadas minuciosamente y lo ayudaremos a iniciar un diario para llevar un registro de los efectos f\u00edsicos y emocionales del accidente.<\/p>\n<p><strong>Contrataremos expertos m\u00e9dicos y financieros para evaluar cu\u00e1l ser\u00e1 el costo real de su lesi\u00f3n.<\/strong>\u00a0Nuestro equipo de expertos calcular\u00e1 el costo de los tratamientos futuros que pueda necesitar, medicamentos, modificaciones en su hogar y necesidades de atenci\u00f3n a largo plazo. Tambi\u00e9n tomar\u00e1n en cuenta cu\u00e1nto ingreso perder\u00e1 a lo largo de su vida debido a sus lesiones.<\/p>\n<p><strong>Lucharemos con firmeza por un acuerdo de indemnizaci\u00f3n por accidente de cami\u00f3n m\u00e1ximo o un veredicto del jurado.<\/strong>\u00a0Aunque la empresa de transporte de carga podr\u00eda intentar prolongar el proceso, nuestra firma cuenta con los recursos y la resistencia para llevar su reclamo hasta un veredicto del jurado si es necesario. Nuestros abogados de accidentes de camiones son negociadores tenaces y litigantes incansables. Siempre ponemos nuestro enfoque principal en hacer lo que sea mejor para usted. Nuestro equipo ha obtenido m\u00e1s de $50 millones de compensaci\u00f3n para clientes en Oklahoma.<\/p>\n<p><strong>No proporcione ninguna declaraci\u00f3n ni firme ning\u00fan documento con la aseguradora despu\u00e9s de su accidente.<\/strong>\u00a0Deje que nuestros dedicados abogados de accidentes de camiones en Oklahoma City manejen todas esas comunicaciones para asegurar la protecci\u00f3n de sus derechos.\u00a0<a href=\"https:\/\/cainlaw-okc.com\/es\/contactenos\/\">Programe una consulta gratuita<\/a>\u00a0con nuestro equipo ahora mismo para hablar sobre su reclamo y descubrir c\u00f3mo podemos ayudarlo a usted y a su familia.<\/p>\n<p><a class=\"btn btn-std\" href=\"\/our-firm\/\">Conozca m\u00e1s sobre nuestra firma<\/a><\/p>\n","protected":false},"excerpt":{"rendered":"<p>Las lesiones que usted como cliente sufre a ra\u00edz de choques que involucran tractocamiones u otros grandes\u00a0camiones de 18 ruedas,\u00a0a menudo le persiguen durante a\u00f1os. Aparte de los gastos m\u00e9dicos iniciales y el tiempo fuera del trabajo, las v\u00edctimas de colisiones con camiones de 18 ruedas pueden padecer un dolor persistente y ser incapaces de&#8230;<\/p>\n","protected":false},"author":70,"featured_media":103638,"parent":0,"menu_order":48,"comment_status":"closed","ping_status":"closed","template":"","meta":{"_acf_changed":false,"footnotes":"","_elementor_data":""},"class_list":["post-103620","page","type-page","status-publish","has-post-thumbnail","hentry"],"acf":[],"page_builder_type":"classic","gutenberg_data":[],"yoast_head":"<!-- This site is optimized with the Yoast SEO plugin v27.0 - https:\/\/yoast.com\/product\/yoast-seo-wordpress\/ -->\n<title>Abogado de accidentes de camiones en Oklahoma City | Cain Law<\/title>\n<meta name=\"description\" content=\"Si se ha visto involucrado en un accidente de camiones en Oklahoma, puede contactar con nuestros abogados expertos que buscar\u00e1n una compensaci\u00f3n justa.\" \/>\n<meta name=\"robots\" content=\"index, follow, max-snippet:-1, max-image-preview:large, max-video-preview:-1\" \/>\n<link rel=\"canonical\" href=\"https:\/\/cainlaw-okc.com\/es\/abogados-de-accidentes-de-camiones-en-oklahoma-city\/\" \/>\n<meta property=\"og:locale\" content=\"es_ES\" \/>\n<meta property=\"og:type\" content=\"article\" \/>\n<meta property=\"og:title\" content=\"Abogado de accidentes de camiones en Oklahoma City | Cain Law\" \/>\n<meta property=\"og:description\" content=\"Si se ha visto involucrado en un accidente de camiones en Oklahoma, puede contactar con nuestros abogados expertos que buscar\u00e1n una compensaci\u00f3n justa.\" \/>\n<meta property=\"og:url\" content=\"https:\/\/cainlaw-okc.com\/es\/abogados-de-accidentes-de-camiones-en-oklahoma-city\/\" \/>\n<meta property=\"og:site_name\" content=\"Cain Law\" \/>\n<meta property=\"article:publisher\" content=\"https:\/\/www.facebook.com\/CainLawOffice\/\" \/>\n<meta property=\"article:modified_time\" content=\"2025-06-09T04:11:51+00:00\" \/>\n<meta property=\"og:image\" content=\"https:\/\/cainlaw-okc.com\/wp-content\/uploads\/2025\/05\/abogados-de-accidentes-de-camiones-en-oklahoma-city.jpg\" \/>\n\t<meta property=\"og:image:width\" content=\"825\" \/>\n\t<meta property=\"og:image:height\" content=\"250\" \/>\n\t<meta property=\"og:image:type\" content=\"image\/jpeg\" \/>\n<meta name=\"twitter:card\" content=\"summary_large_image\" \/>\n<meta name=\"twitter:site\" content=\"@cainlaw_\" \/>\n<meta name=\"twitter:label1\" content=\"Tiempo de lectura\" \/>\n\t<meta name=\"twitter:data1\" content=\"10 minutos\" \/>\n<!-- \/ Yoast SEO plugin. -->","yoast_head_json":{"title":"Abogado de accidentes de camiones en Oklahoma City | Cain Law","description":"Si se ha visto involucrado en un accidente de camiones en Oklahoma, puede contactar con nuestros abogados expertos que buscar\u00e1n una compensaci\u00f3n justa.","robots":{"index":"index","follow":"follow","max-snippet":"max-snippet:-1","max-image-preview":"max-image-preview:large","max-video-preview":"max-video-preview:-1"},"canonical":"https:\/\/cainlaw-okc.com\/es\/abogados-de-accidentes-de-camiones-en-oklahoma-city\/","og_locale":"es_ES","og_type":"article","og_title":"Abogado de accidentes de camiones en Oklahoma City | Cain Law","og_description":"Si se ha visto involucrado en un accidente de camiones en Oklahoma, puede contactar con nuestros abogados expertos que buscar\u00e1n una compensaci\u00f3n justa.","og_url":"https:\/\/cainlaw-okc.com\/es\/abogados-de-accidentes-de-camiones-en-oklahoma-city\/","og_site_name":"Cain Law","article_publisher":"https:\/\/www.facebook.com\/CainLawOffice\/","article_modified_time":"2025-06-09T04:11:51+00:00","og_image":[{"width":825,"height":250,"url":"https:\/\/cainlaw-okc.com\/wp-content\/uploads\/2025\/05\/abogados-de-accidentes-de-camiones-en-oklahoma-city.jpg","type":"image\/jpeg"}],"twitter_card":"summary_large_image","twitter_site":"@cainlaw_","twitter_misc":{"Tiempo de lectura":"10 minutos"},"schema":{"@context":"https:\/\/schema.org","@graph":[{"@type":"WebPage","@id":"https:\/\/cainlaw-okc.com\/es\/abogados-de-accidentes-de-camiones-en-oklahoma-city\/","url":"https:\/\/cainlaw-okc.com\/es\/abogados-de-accidentes-de-camiones-en-oklahoma-city\/","name":"Abogado de accidentes de camiones en Oklahoma City | Cain Law","isPartOf":{"@id":"https:\/\/cainlaw-okc.com\/es\/#website"},"primaryImageOfPage":{"@id":"https:\/\/cainlaw-okc.com\/es\/abogados-de-accidentes-de-camiones-en-oklahoma-city\/#primaryimage"},"image":{"@id":"https:\/\/cainlaw-okc.com\/es\/abogados-de-accidentes-de-camiones-en-oklahoma-city\/#primaryimage"},"thumbnailUrl":"https:\/\/cainlaw-okc.com\/wp-content\/uploads\/2025\/05\/abogados-de-accidentes-de-camiones-en-oklahoma-city.jpg","datePublished":"2017-01-27T13:24:50+00:00","dateModified":"2025-06-09T04:11:51+00:00","description":"Si se ha visto involucrado en un accidente de camiones en Oklahoma, puede contactar con nuestros abogados expertos que buscar\u00e1n una compensaci\u00f3n justa.","breadcrumb":{"@id":"https:\/\/cainlaw-okc.com\/es\/abogados-de-accidentes-de-camiones-en-oklahoma-city\/#breadcrumb"},"inLanguage":"es","potentialAction":[{"@type":"ReadAction","target":["https:\/\/cainlaw-okc.com\/es\/abogados-de-accidentes-de-camiones-en-oklahoma-city\/"]}]},{"@type":"ImageObject","inLanguage":"es","@id":"https:\/\/cainlaw-okc.com\/es\/abogados-de-accidentes-de-camiones-en-oklahoma-city\/#primaryimage","url":"https:\/\/cainlaw-okc.com\/wp-content\/uploads\/2025\/05\/abogados-de-accidentes-de-camiones-en-oklahoma-city.jpg","contentUrl":"https:\/\/cainlaw-okc.com\/wp-content\/uploads\/2025\/05\/abogados-de-accidentes-de-camiones-en-oklahoma-city.jpg","width":825,"height":250},{"@type":"BreadcrumbList","@id":"https:\/\/cainlaw-okc.com\/es\/abogados-de-accidentes-de-camiones-en-oklahoma-city\/#breadcrumb","itemListElement":[{"@type":"ListItem","position":1,"name":"Inicio","item":"https:\/\/cainlaw-okc.com\/es\/"},{"@type":"ListItem","position":2,"name":"Accidente de Camiones"}]},{"@type":"WebSite","@id":"https:\/\/cainlaw-okc.com\/es\/#website","url":"https:\/\/cainlaw-okc.com\/es\/","name":"Cain Law","description":"","publisher":{"@id":"https:\/\/cainlaw-okc.com\/es\/#organization"},"potentialAction":[{"@type":"SearchAction","target":{"@type":"EntryPoint","urlTemplate":"https:\/\/cainlaw-okc.com\/es\/?s={search_term_string}"},"query-input":{"@type":"PropertyValueSpecification","valueRequired":true,"valueName":"search_term_string"}}],"inLanguage":"es"},{"@type":["Organization","Place"],"@id":"https:\/\/cainlaw-okc.com\/es\/#organization","name":"Cain Law","url":"https:\/\/cainlaw-okc.com\/es\/","logo":{"@type":"ImageObject","inLanguage":"es","@id":"https:\/\/cainlaw-okc.com\/es\/#\/schema\/logo\/image\/","url":"https:\/\/cainlaw-okc.com\/wp-content\/uploads\/2017\/01\/cain-law-injury-lawyers-logo.png","contentUrl":"https:\/\/cainlaw-okc.com\/wp-content\/uploads\/2017\/01\/cain-law-injury-lawyers-logo.png","width":316,"height":115,"caption":"Cain Law"},"image":{"@id":"https:\/\/cainlaw-okc.com\/es\/#\/schema\/logo\/image\/"},"sameAs":["https:\/\/www.facebook.com\/CainLawOffice\/","https:\/\/x.com\/cainlaw_","https:\/\/www.youtube.com\/@CainLawOffice\/videos","https:\/\/www.instagram.com\/cainlawokc","https:\/\/www.linkedin.com\/company\/cain-law-office\/"],"mainEntityOfPage":{"@id":"https:\/\/cainlaw-okc.com\/es\/abogados-de-accidentes-de-camiones-en-oklahoma-city\/"}}]}},"_links":{"self":[{"href":"https:\/\/cainlaw-okc.com\/es\/wp-json\/wp\/v2\/pages\/103620","targetHints":{"allow":["GET"]}}],"collection":[{"href":"https:\/\/cainlaw-okc.com\/es\/wp-json\/wp\/v2\/pages"}],"about":[{"href":"https:\/\/cainlaw-okc.com\/es\/wp-json\/wp\/v2\/types\/page"}],"author":[{"embeddable":true,"href":"https:\/\/cainlaw-okc.com\/es\/wp-json\/wp\/v2\/users\/70"}],"replies":[{"embeddable":true,"href":"https:\/\/cainlaw-okc.com\/es\/wp-json\/wp\/v2\/comments?post=103620"}],"version-history":[{"count":0,"href":"https:\/\/cainlaw-okc.com\/es\/wp-json\/wp\/v2\/pages\/103620\/revisions"}],"wp:featuredmedia":[{"embeddable":true,"href":"https:\/\/cainlaw-okc.com\/es\/wp-json\/wp\/v2\/media\/103638"}],"wp:attachment":[{"href":"https:\/\/cainlaw-okc.com\/es\/wp-json\/wp\/v2\/media?parent=103620"}],"curies":[{"name":"wp","href":"https:\/\/api.w.org\/{rel}","templated":true}]}}