{"id":103619,"date":"2017-01-16T21:19:01","date_gmt":"2017-01-16T21:19:01","guid":{"rendered":"https:\/\/cainlaw-okc.com\/?page_id=103619"},"modified":"2026-02-03T00:00:21","modified_gmt":"2026-02-03T00:00:21","slug":"contactenos","status":"publish","type":"page","link":"https:\/\/cainlaw-okc.com\/es\/contactenos\/","title":{"rendered":"Contacte con Nosotros"},"content":{"rendered":"<h2>Conf\u00ede su futuro financiero a Cain Law<\/h2>\n<p>El nativo de Oklahoma,\u00a0<a href=\"https:\/\/cainlaw-okc.com\/attorneys\/monty-l-cain\/\">Monty L. Cain<\/a>, estableci\u00f3 Cain Law y seleccion\u00f3 personalmente a tres abogados adicionales \u2014<a href=\"https:\/\/cainlaw-okc.com\/attorneys\/david-hilbern\/\">David Hilbern<\/a>,\u00a0<a href=\"https:\/\/cainlaw-okc.com\/attorneys\/rick-powell\/\">Rick Powell y Anthony Alfonso<\/a>\u2014 y a un h\u00e1bil equipo de apoyo legal para luchar por los derechos de las personas heridas y sus familias en el \u00e1rea de Oklahoma City.<\/p>\n<p><a href=\"https:\/\/cainlaw-okc.com\/es\/\">Cain Law<\/a>\u00a0ofrece m\u00e1s de 65 a\u00f1os de experiencia combinada, adem\u00e1s de los recursos y la red de expertos necesarios para llevar a cabo investigaciones exhaustivas de accidentes y construir casos s\u00f3lidos. Tambi\u00e9n nos aseguramos de que los clientes reciban ayuda adicional para su recuperaci\u00f3n f\u00edsica, emocional y financiera completa.<\/p>\n<p>Despu\u00e9s de un accidente, como un choque de auto o cami\u00f3n o una lesi\u00f3n por ca\u00edda, primero queremos asegurarnos de que reciba la atenci\u00f3n m\u00e9dica que necesita. Luego, queremos buscar la compensaci\u00f3n m\u00e1xima a la que tiene derecho seg\u00fan la ley, para sus gastos m\u00e9dicos actuales y futuros, as\u00ed como para otros costos y p\u00e9rdidas.<\/p>\n<h2>Presionamos a las aseguradoras para que paguen lo que le deben<\/h2>\n<p>Si una persona o una empresa lo ha herido por negligencia, imprudencia o intenci\u00f3n criminal, tienen la obligaci\u00f3n legal \u2014casi siempre cumplida a trav\u00e9s del seguro\u2014 de compensarlo de manera justa. Seg\u00fan la ley de Oklahoma, si ha sido injustamente herido, tambi\u00e9n merece ser compensado por su dolor f\u00edsico y su sufrimiento emocional.<\/p>\n<p><strong>Obtener un acuerdo de seguro justo y apropiado es crucial para una recuperaci\u00f3n financiera completa despu\u00e9s de un accidente grave<\/strong>. Las facturas m\u00e9dicas, la p\u00e9rdida de ingresos, los costos de reparaci\u00f3n de veh\u00edculos y otros gastos se acumulan r\u00e1pidamente. Si est\u00e1 discapacitado debido a un accidente, sus costos y p\u00e9rdidas se multiplican exponencialmente. La familia que pierde al sost\u00e9n econ\u00f3mico en un accidente puede enfrentar un futuro terriblemente inestable e incierto.<\/p>\n<p><strong>Es un error decir que usted no es el tipo de persona que presenta una demanda, o pensar que perjudicar\u00e1 irreparablemente a alguien que simplemente ha cometido un error.<\/strong>\u00a0Individuos, negocios y otras organizaciones compran p\u00f3lizas de seguro para pagar accidentes como el que lo hiri\u00f3.<\/p>\n<p>Lamentablemente, a menudo es dif\u00edcil obligar a las aseguradoras a pagar lo que sus p\u00f3lizas prometen despu\u00e9s de un accidente. Las aseguradoras tienen abogados y ajustadores expertos para proteger sus intereses financieros. Usted necesita un abogado que luche por los suyos.<\/p>\n<p>En Cain Law, queremos ayudarle a tomar las mejores decisiones para su situaci\u00f3n \u00fanica. Como sus abogados, nuestro enfoque filos\u00f3fico ser\u00e1 que, a trav\u00e9s de una consideraci\u00f3n compasiva de sus necesidades y nuestra b\u00fasqueda agresiva de justicia, exigiremos la m\u00e1xima cantidad de compensaci\u00f3n disponible para usted por sus p\u00e9rdidas.<\/p>\n<h2>Nos preocupamos por su recuperaci\u00f3n completa<\/h2>\n<p>Adem\u00e1s de manejar todos los aspectos de su reclamo de seguro, tambi\u00e9n podemos aconsejarlo y ayudarle con otras necesidades. Tenemos m\u00faltiples contactos en el \u00e1rea metropolitana de Oklahoma City. Podemos asegurarnos de que reciba la atenci\u00f3n m\u00e9dica adecuada, pueda reparar su autom\u00f3vil, acceder a terapias o asesoramiento que usted o un ser querido puedan necesitar, y obtener el apoyo adicional que requiera para una recuperaci\u00f3n completa.<\/p>\n<p>Los accidentes ocurren y a veces dejan a personas inocentes gravemente heridas o fallecidas. Los m\u00e9dicos trabajan para volver a hacer que los heridos est\u00e9n completos f\u00edsica y emocionalmente. Los abogados de lesiones personales, como los nuestros en Cain Law, trabajan para hacer que los heridos y los afligidos est\u00e9n bien financieramente.<\/p>\n<p>Permita que Cain Law comience el trabajo hacia su recuperaci\u00f3n financiera hoy poni\u00e9ndose en contacto con nosotros para una consulta legal gratuita y sin compromiso. Venga a visitarnos en Oklahoma City o\u00a0<a href=\"https:\/\/cainlaw-okc.com\/edmond\/\">Edmond<\/a>. Si prefiere, podemos reunirnos con usted en su hogar, habitaci\u00f3n de hospital, oficina o donde se sienta m\u00e1s c\u00f3modo.<\/p>\n<p><strong>Recuerde:<\/strong><\/p>\n<ul>\n<li>No tiene ninguna obligaci\u00f3n despu\u00e9s de una consulta inicial y puede retirarse si no se siente c\u00f3modo con lo que escucha.<\/li>\n<li>Podemos comenzar nuestra investigaci\u00f3n de su accidente y lesiones inmediatamente despu\u00e9s de su solicitud.<\/li>\n<li>Avanzaremos todos los gastos necesarios para investigar y perseguir un reclamo por lesiones personales en su nombre.<\/li>\n<li>No le cobraremos por gastos o servicios legales hasta que recuperemos una compensaci\u00f3n en su reclamo por lesiones personales.<\/li>\n<li>Tiene derecho legal a la compensaci\u00f3n por las lesiones que alguien m\u00e1s le ha causado, lo que significa que no deber\u00eda tener deudas por el accidente ni preocupaciones sobre su futuro financiero.<\/li>\n<\/ul>\n","protected":false},"excerpt":{"rendered":"<p>Conf\u00ede su futuro financiero a Cain Law El nativo de Oklahoma,\u00a0Monty L. Cain, estableci\u00f3 Cain Law y seleccion\u00f3 personalmente a tres abogados adicionales \u2014David Hilbern,\u00a0Rick Powell y Anthony Alfonso\u2014 y a un h\u00e1bil equipo de apoyo legal para luchar por los derechos de las personas heridas y sus familias en el \u00e1rea de Oklahoma City&#8230;.<\/p>\n","protected":false},"author":70,"featured_media":0,"parent":0,"menu_order":80,"comment_status":"closed","ping_status":"closed","template":"contact.php","meta":{"_acf_changed":false,"footnotes":"","_elementor_data":""},"class_list":["post-103619","page","type-page","status-publish","hentry"],"acf":[],"page_builder_type":"classic","gutenberg_data":[],"yoast_head":"<!-- This site is optimized with the Yoast SEO plugin v27.0 - https:\/\/yoast.com\/product\/yoast-seo-wordpress\/ -->\n<title>Abogados de accidentes en Oklahoma City | Cain Law<\/title>\n<meta name=\"description\" content=\"Comun\u00edquese con nosotros si ha resultado herido en un accidente. Estamos aqu\u00ed para ayudar a personas de Oklahoma como usted.\" \/>\n<meta name=\"robots\" content=\"index, follow, max-snippet:-1, max-image-preview:large, max-video-preview:-1\" \/>\n<link rel=\"canonical\" href=\"https:\/\/cainlaw-okc.com\/es\/contactenos\/\" \/>\n<meta property=\"og:locale\" content=\"es_ES\" \/>\n<meta property=\"og:type\" content=\"article\" \/>\n<meta property=\"og:title\" content=\"Abogados de accidentes en Oklahoma City | Cain Law\" \/>\n<meta property=\"og:description\" content=\"Comun\u00edquese con nosotros si ha resultado herido en un accidente. Estamos aqu\u00ed para ayudar a personas de Oklahoma como usted.\" \/>\n<meta property=\"og:url\" content=\"https:\/\/cainlaw-okc.com\/es\/contactenos\/\" \/>\n<meta property=\"og:site_name\" content=\"Cain Law\" \/>\n<meta property=\"article:publisher\" content=\"https:\/\/www.facebook.com\/CainLawOffice\/\" \/>\n<meta property=\"article:modified_time\" content=\"2026-02-03T00:00:21+00:00\" \/>\n<meta property=\"og:image\" content=\"https:\/\/cainlaw-okc.com\/wp-content\/uploads\/2017\/01\/about-consultation.jpg\" \/>\n\t<meta property=\"og:image:width\" content=\"554\" \/>\n\t<meta property=\"og:image:height\" content=\"468\" \/>\n\t<meta property=\"og:image:type\" content=\"image\/jpeg\" \/>\n<meta name=\"twitter:card\" content=\"summary_large_image\" \/>\n<meta name=\"twitter:site\" content=\"@cainlaw_\" \/>\n<meta name=\"twitter:label1\" content=\"Tiempo de lectura\" \/>\n\t<meta name=\"twitter:data1\" content=\"4 minutos\" \/>\n<!-- \/ Yoast SEO plugin. -->","yoast_head_json":{"title":"Abogados de accidentes en Oklahoma City | Cain Law","description":"Comun\u00edquese con nosotros si ha resultado herido en un accidente. Estamos aqu\u00ed para ayudar a personas de Oklahoma como usted.","robots":{"index":"index","follow":"follow","max-snippet":"max-snippet:-1","max-image-preview":"max-image-preview:large","max-video-preview":"max-video-preview:-1"},"canonical":"https:\/\/cainlaw-okc.com\/es\/contactenos\/","og_locale":"es_ES","og_type":"article","og_title":"Abogados de accidentes en Oklahoma City | Cain Law","og_description":"Comun\u00edquese con nosotros si ha resultado herido en un accidente. Estamos aqu\u00ed para ayudar a personas de Oklahoma como usted.","og_url":"https:\/\/cainlaw-okc.com\/es\/contactenos\/","og_site_name":"Cain Law","article_publisher":"https:\/\/www.facebook.com\/CainLawOffice\/","article_modified_time":"2026-02-03T00:00:21+00:00","og_image":[{"width":554,"height":468,"url":"https:\/\/cainlaw-okc.com\/wp-content\/uploads\/2017\/01\/about-consultation.jpg","type":"image\/jpeg"}],"twitter_card":"summary_large_image","twitter_site":"@cainlaw_","twitter_misc":{"Tiempo de lectura":"4 minutos"},"schema":{"@context":"https:\/\/schema.org","@graph":[{"@type":"WebPage","@id":"https:\/\/cainlaw-okc.com\/es\/contactenos\/","url":"https:\/\/cainlaw-okc.com\/es\/contactenos\/","name":"Abogados de accidentes en Oklahoma City | Cain Law","isPartOf":{"@id":"https:\/\/cainlaw-okc.com\/es\/#website"},"datePublished":"2017-01-16T21:19:01+00:00","dateModified":"2026-02-03T00:00:21+00:00","description":"Comun\u00edquese con nosotros si ha resultado herido en un accidente. Estamos aqu\u00ed para ayudar a personas de Oklahoma como usted.","breadcrumb":{"@id":"https:\/\/cainlaw-okc.com\/es\/contactenos\/#breadcrumb"},"inLanguage":"es","potentialAction":[{"@type":"ReadAction","target":["https:\/\/cainlaw-okc.com\/es\/contactenos\/"]}]},{"@type":"BreadcrumbList","@id":"https:\/\/cainlaw-okc.com\/es\/contactenos\/#breadcrumb","itemListElement":[{"@type":"ListItem","position":1,"name":"Inicio","item":"https:\/\/cainlaw-okc.com\/es\/"},{"@type":"ListItem","position":2,"name":"Contacte con Nosotros"}]},{"@type":"WebSite","@id":"https:\/\/cainlaw-okc.com\/es\/#website","url":"https:\/\/cainlaw-okc.com\/es\/","name":"Cain Law","description":"","publisher":{"@id":"https:\/\/cainlaw-okc.com\/es\/#organization"},"potentialAction":[{"@type":"SearchAction","target":{"@type":"EntryPoint","urlTemplate":"https:\/\/cainlaw-okc.com\/es\/?s={search_term_string}"},"query-input":{"@type":"PropertyValueSpecification","valueRequired":true,"valueName":"search_term_string"}}],"inLanguage":"es"},{"@type":["Organization","Place"],"@id":"https:\/\/cainlaw-okc.com\/es\/#organization","name":"Cain Law","url":"https:\/\/cainlaw-okc.com\/es\/","logo":{"@type":"ImageObject","inLanguage":"es","@id":"https:\/\/cainlaw-okc.com\/es\/#\/schema\/logo\/image\/","url":"https:\/\/cainlaw-okc.com\/wp-content\/uploads\/2017\/01\/cain-law-injury-lawyers-logo.png","contentUrl":"https:\/\/cainlaw-okc.com\/wp-content\/uploads\/2017\/01\/cain-law-injury-lawyers-logo.png","width":316,"height":115,"caption":"Cain Law"},"image":{"@id":"https:\/\/cainlaw-okc.com\/es\/#\/schema\/logo\/image\/"},"sameAs":["https:\/\/www.facebook.com\/CainLawOffice\/","https:\/\/x.com\/cainlaw_","https:\/\/www.youtube.com\/@CainLawOffice\/videos","https:\/\/www.instagram.com\/cainlawokc","https:\/\/www.linkedin.com\/company\/cain-law-office\/"],"mainEntityOfPage":{"@id":"https:\/\/cainlaw-okc.com\/es\/contactenos\/"}}]}},"_links":{"self":[{"href":"https:\/\/cainlaw-okc.com\/es\/wp-json\/wp\/v2\/pages\/103619","targetHints":{"allow":["GET"]}}],"collection":[{"href":"https:\/\/cainlaw-okc.com\/es\/wp-json\/wp\/v2\/pages"}],"about":[{"href":"https:\/\/cainlaw-okc.com\/es\/wp-json\/wp\/v2\/types\/page"}],"author":[{"embeddable":true,"href":"https:\/\/cainlaw-okc.com\/es\/wp-json\/wp\/v2\/users\/70"}],"replies":[{"embeddable":true,"href":"https:\/\/cainlaw-okc.com\/es\/wp-json\/wp\/v2\/comments?post=103619"}],"version-history":[{"count":0,"href":"https:\/\/cainlaw-okc.com\/es\/wp-json\/wp\/v2\/pages\/103619\/revisions"}],"wp:attachment":[{"href":"https:\/\/cainlaw-okc.com\/es\/wp-json\/wp\/v2\/media?parent=103619"}],"curies":[{"name":"wp","href":"https:\/\/api.w.org\/{rel}","templated":true}]}}